{"id":137,"date":"2025-10-18T20:24:27","date_gmt":"2025-10-18T20:24:27","guid":{"rendered":"https:\/\/coraliebordonaroetfredvoleon.fr\/?page_id=137"},"modified":"2026-02-15T10:34:54","modified_gmt":"2026-02-15T10:34:54","slug":"audio","status":"publish","type":"page","link":"https:\/\/coraliebordonaroetfredvoleon.fr\/index.php\/audio\/","title":{"rendered":"Chanson Fran\u00e7aise et Blues"},"content":{"rendered":"\t\t<div data-elementor-type=\"wp-page\" data-elementor-id=\"137\" class=\"elementor elementor-137\">\n\t\t\t\t<div class=\"elementor-element elementor-element-ba1dcae e-grid e-con-boxed e-con e-parent\" data-id=\"ba1dcae\" data-element_type=\"container\">\n\t\t\t\t\t<div class=\"e-con-inner\">\n\t\t\t\t<div class=\"elementor-element elementor-element-deb1d8e elementor-widget elementor-widget-text-editor\" data-id=\"deb1d8e\" data-element_type=\"widget\" data-widget_type=\"text-editor.default\">\n\t\t\t\t\t\t\t\t\t<p>Le r\u00e9pertoire de Coralie et Fred est \u00e9galement compos\u00e9 des reprises de leurs influences. Vous serez surpris par le timbre de voix de Coralie qui, sans imitation, transmet l&rsquo;univers sensible et \u00e9nergique de V\u00e9ronique Sanson dont les chansons ont une place de choix. Quant au Blues, Fred le joue avec d\u00e9vouement,\u00a0 aussi bien en accordage standard qu&rsquo;en open tuning. Muddy Waters et John Hammond.Jr sont ses r\u00e9f\u00e9rences entre de nombreux autres&#8230;<\/p><p><strong>Contact : 06 15 02 09 91<\/strong><br \/><strong>coralie.bordonaro@gmail.com<br \/><a href=\"https:\/\/www.facebook.com\/profile.php?id=61565175431707\" target=\"_blank\" rel=\"noopener\">Facebook<\/a><\/strong><\/p>\t\t\t\t\t\t\t\t<\/div>\n\t\t\t\t<div class=\"elementor-element elementor-element-6faba2f elementor-widget elementor-widget-image\" data-id=\"6faba2f\" data-element_type=\"widget\" data-widget_type=\"image.default\">\n\t\t\t\t\t\t\t\t\t\t\t\t\t\t\t<img fetchpriority=\"high\" decoding=\"async\" width=\"683\" height=\"1024\" src=\"https:\/\/coraliebordonaroetfredvoleon.fr\/wp-content\/uploads\/2026\/02\/Coralie-et-Fred-2026-683x1024.png\" class=\"attachment-large size-large wp-image-445\" alt=\"\" srcset=\"https:\/\/coraliebordonaroetfredvoleon.fr\/wp-content\/uploads\/2026\/02\/Coralie-et-Fred-2026-683x1024.png 683w, https:\/\/coraliebordonaroetfredvoleon.fr\/wp-content\/uploads\/2026\/02\/Coralie-et-Fred-2026-200x300.png 200w, https:\/\/coraliebordonaroetfredvoleon.fr\/wp-content\/uploads\/2026\/02\/Coralie-et-Fred-2026-768x1152.png 768w, https:\/\/coraliebordonaroetfredvoleon.fr\/wp-content\/uploads\/2026\/02\/Coralie-et-Fred-2026.png 1024w\" sizes=\"(max-width: 683px) 100vw, 683px\" \/>\t\t\t\t\t\t\t\t\t\t\t\t\t\t\t<\/div>\n\t\t\t\t\t<\/div>\n\t\t\t\t<\/div>\n\t\t<div class=\"elementor-element elementor-element-9ecc5be e-flex e-con-boxed e-con e-parent\" data-id=\"9ecc5be\" data-element_type=\"container\">\n\t\t\t\t\t<div class=\"e-con-inner\">\n\t\t\t\t<div class=\"elementor-element elementor-element-208a747 elementor-widget elementor-widget-video\" data-id=\"208a747\" data-element_type=\"widget\" data-settings=\"{&quot;youtube_url&quot;:&quot;https:\\\/\\\/youtu.be\\\/9TB0s0Cw9gE?si=4D2J-Fw1-4OqQolK&quot;,&quot;video_type&quot;:&quot;youtube&quot;,&quot;controls&quot;:&quot;yes&quot;}\" data-widget_type=\"video.default\">\n\t\t\t\t\t\t\t<div class=\"elementor-wrapper elementor-open-inline\">\n\t\t\t<div class=\"elementor-video\"><\/div>\t\t<\/div>\n\t\t\t\t\t\t<\/div>\n\t\t\t\t\t<\/div>\n\t\t\t\t<\/div>\n\t\t<div class=\"elementor-element elementor-element-ec5cf1e e-grid e-con-boxed e-con e-parent\" data-id=\"ec5cf1e\" data-element_type=\"container\">\n\t\t\t\t\t<div class=\"e-con-inner\">\n\t\t\t\t<div class=\"elementor-element elementor-element-c11345d elementor-widget elementor-widget-text-editor\" data-id=\"c11345d\" data-element_type=\"widget\" data-widget_type=\"text-editor.default\">\n\t\t\t\t\t\t\t\t\t<p>La premi\u00e8re fois que j&rsquo;ai entendu \u00ab\u00a0<em>Quelquefois je sens les myst\u00e8res de toutes les choses que je comprends mal comme si j&rsquo;\u00e9tais toute seule sur terre \u00e0 rechercher un id\u00e9al&#8230;\u00a0\u00bb<\/em> j&rsquo;ai compris que quelqu&rsquo;un avait trouv\u00e9 les mots pour exprimer ma sensibilit\u00e9&#8230;et puis la voix&#8230;le piano&#8230;tout l&rsquo;univers artistique de V\u00e9ronique Sanson m&rsquo;accompagne et influence mon travail de chanteuse et d&rsquo;autrice compositrice depuis plus de vingt ans. Voil\u00e0 pourquoi cette cha\u00eene existe !<\/p><p><strong><a href=\"https:\/\/www.youtube.com\/@Inspirationveroniquesanson?app=desktop\" target=\"_blank\" rel=\"noopener\">YouTube Inspiration V\u00e9ronique Sanson<\/a><\/strong><\/p>\t\t\t\t\t\t\t\t<\/div>\n\t\t\t\t<div class=\"elementor-element elementor-element-0074ffc elementor-widget elementor-widget-image\" data-id=\"0074ffc\" data-element_type=\"widget\" data-widget_type=\"image.default\">\n\t\t\t\t\t\t\t\t\t\t\t\t\t\t\t<img decoding=\"async\" width=\"701\" height=\"998\" src=\"https:\/\/coraliebordonaroetfredvoleon.fr\/wp-content\/uploads\/2026\/02\/IMG-20250710-WA0000.jpg\" class=\"attachment-large size-large wp-image-462\" alt=\"\" srcset=\"https:\/\/coraliebordonaroetfredvoleon.fr\/wp-content\/uploads\/2026\/02\/IMG-20250710-WA0000.jpg 701w, https:\/\/coraliebordonaroetfredvoleon.fr\/wp-content\/uploads\/2026\/02\/IMG-20250710-WA0000-211x300.jpg 211w\" sizes=\"(max-width: 701px) 100vw, 701px\" \/>\t\t\t\t\t\t\t\t\t\t\t\t\t\t\t<\/div>\n\t\t\t\t\t<\/div>\n\t\t\t\t<\/div>\n\t\t<div class=\"elementor-element elementor-element-dcb456e e-flex e-con-boxed e-con e-parent\" data-id=\"dcb456e\" data-element_type=\"container\">\n\t\t\t\t\t<div class=\"e-con-inner\">\n\t\t\t\t<div class=\"elementor-element elementor-element-442c5d6 elementor-widget elementor-widget-video\" data-id=\"442c5d6\" data-element_type=\"widget\" data-settings=\"{&quot;youtube_url&quot;:&quot;https:\\\/\\\/youtu.be\\\/0sr66Mz7yWk?si=1f7tRSi_l19i770R&quot;,&quot;video_type&quot;:&quot;youtube&quot;,&quot;controls&quot;:&quot;yes&quot;}\" data-widget_type=\"video.default\">\n\t\t\t\t\t\t\t<div class=\"elementor-wrapper elementor-open-inline\">\n\t\t\t<div class=\"elementor-video\"><\/div>\t\t<\/div>\n\t\t\t\t\t\t<\/div>\n\t\t\t\t\t<\/div>\n\t\t\t\t<\/div>\n\t\t<div class=\"elementor-element elementor-element-781af81 e-flex e-con-boxed e-con e-parent\" data-id=\"781af81\" data-element_type=\"container\">\n\t\t\t\t\t<div class=\"e-con-inner\">\n\t\t<div class=\"elementor-element elementor-element-440f73e e-con-full e-flex e-con e-child\" data-id=\"440f73e\" data-element_type=\"container\">\n\t\t\t\t<div class=\"elementor-element elementor-element-07e3f2d elementor-widget elementor-widget-video\" data-id=\"07e3f2d\" data-element_type=\"widget\" data-settings=\"{&quot;youtube_url&quot;:&quot;https:\\\/\\\/www.youtube.com\\\/shorts\\\/5J_9_V9C2FY&quot;,&quot;video_type&quot;:&quot;youtube&quot;,&quot;controls&quot;:&quot;yes&quot;}\" data-widget_type=\"video.default\">\n\t\t\t\t\t\t\t<div class=\"elementor-wrapper elementor-open-inline\">\n\t\t\t<div class=\"elementor-video\"><\/div>\t\t<\/div>\n\t\t\t\t\t\t<\/div>\n\t\t\t\t<\/div>\n\t\t<div class=\"elementor-element elementor-element-891ee76 e-flex e-con-boxed e-con e-child\" data-id=\"891ee76\" data-element_type=\"container\">\n\t\t\t\t\t<div class=\"e-con-inner\">\n\t\t\t\t<div class=\"elementor-element elementor-element-0ba9e4d elementor-widget elementor-widget-video\" data-id=\"0ba9e4d\" data-element_type=\"widget\" data-settings=\"{&quot;youtube_url&quot;:&quot;https:\\\/\\\/youtu.be\\\/oQYAutl6k_E&quot;,&quot;video_type&quot;:&quot;youtube&quot;,&quot;controls&quot;:&quot;yes&quot;}\" data-widget_type=\"video.default\">\n\t\t\t\t\t\t\t<div class=\"elementor-wrapper elementor-open-inline\">\n\t\t\t<div class=\"elementor-video\"><\/div>\t\t<\/div>\n\t\t\t\t\t\t<\/div>\n\t\t\t\t\t<\/div>\n\t\t\t\t<\/div>\n\t\t\t\t\t<\/div>\n\t\t\t\t<\/div>\n\t\t<div class=\"elementor-element elementor-element-f5f3ed7 e-flex e-con-boxed e-con e-parent\" data-id=\"f5f3ed7\" data-element_type=\"container\">\n\t\t\t\t\t<div class=\"e-con-inner\">\n\t\t\t\t<div class=\"elementor-element elementor-element-3b20404 elementor-widget elementor-widget-text-editor\" data-id=\"3b20404\" data-element_type=\"widget\" data-widget_type=\"text-editor.default\">\n\t\t\t\t\t\t\t\t\t<p>Avec une guitare et un harmonica, Fred interpr\u00e8te en solo des standards de la grande \u00e9poque du Blues entre celui du Delta du Mississippi et Chicago.<\/p><p><strong>Contact : 06 32 30 77 80<\/strong><br \/><strong>frederic.voleon@gmail.com<\/strong><br \/><strong><a href=\"https:\/\/www.facebook.com\/fred.voleon\/\" target=\"_blank\" rel=\"noopener\">Facebook<\/a><\/strong><\/p>\t\t\t\t\t\t\t\t<\/div>\n\t\t\t\t\t<\/div>\n\t\t\t\t<\/div>\n\t\t\t\t<\/div>\n\t\t","protected":false},"excerpt":{"rendered":"<p>Le r\u00e9pertoire de Coralie et Fred est \u00e9galement compos\u00e9 des reprises de leurs influences. Vous serez surpris par le timbre de voix de Coralie qui, sans imitation, transmet l&rsquo;univers sensible et \u00e9nergique de V\u00e9ronique Sanson dont les chansons ont une place de choix. Quant au Blues, Fred le joue avec d\u00e9vouement,\u00a0 aussi bien en accordage [&hellip;]<\/p>\n","protected":false},"author":1,"featured_media":0,"parent":0,"menu_order":0,"comment_status":"closed","ping_status":"closed","template":"","meta":{"footnotes":""},"class_list":["post-137","page","type-page","status-publish","hentry","entry"],"yoast_head":"<!-- This site is optimized with the Yoast SEO plugin v26.2 - https:\/\/yoast.com\/wordpress\/plugins\/seo\/ -->\n<title>Chanson Fran\u00e7aise et Blues - Coralie Bordonaro et Fred Vol\u00e9on<\/title>\n<meta name=\"robots\" content=\"index, follow, max-snippet:-1, max-image-preview:large, max-video-preview:-1\" \/>\n<link rel=\"canonical\" href=\"https:\/\/coraliebordonaroetfredvoleon.fr\/index.php\/audio\/\" \/>\n<meta property=\"og:locale\" content=\"fr_FR\" \/>\n<meta property=\"og:type\" content=\"article\" \/>\n<meta property=\"og:title\" content=\"Chanson Fran\u00e7aise et Blues - Coralie Bordonaro et Fred Vol\u00e9on\" \/>\n<meta property=\"og:description\" content=\"Le r\u00e9pertoire de Coralie et Fred est \u00e9galement compos\u00e9 des reprises de leurs influences. Vous serez surpris par le timbre de voix de Coralie qui, sans imitation, transmet l&rsquo;univers sensible et \u00e9nergique de V\u00e9ronique Sanson dont les chansons ont une place de choix. Quant au Blues, Fred le joue avec d\u00e9vouement,\u00a0 aussi bien en accordage [&hellip;]\" \/>\n<meta property=\"og:url\" content=\"https:\/\/coraliebordonaroetfredvoleon.fr\/index.php\/audio\/\" \/>\n<meta property=\"og:site_name\" content=\"Coralie Bordonaro et Fred Vol\u00e9on\" \/>\n<meta property=\"article:modified_time\" content=\"2026-02-15T10:34:54+00:00\" \/>\n<meta property=\"og:image\" content=\"http:\/\/coraliebordonaroetfredvoleon.fr\/wp-content\/uploads\/2026\/02\/Coralie-et-Fred-2026-683x1024.png\" \/>\n<meta name=\"twitter:card\" content=\"summary_large_image\" \/>\n<meta name=\"twitter:label1\" content=\"Dur\u00e9e de lecture estim\u00e9e\" \/>\n\t<meta name=\"twitter:data1\" content=\"1 minute\" \/>\n<script type=\"application\/ld+json\" class=\"yoast-schema-graph\">{\"@context\":\"https:\/\/schema.org\",\"@graph\":[{\"@type\":\"WebPage\",\"@id\":\"https:\/\/coraliebordonaroetfredvoleon.fr\/index.php\/audio\/\",\"url\":\"https:\/\/coraliebordonaroetfredvoleon.fr\/index.php\/audio\/\",\"name\":\"Chanson Fran\u00e7aise et Blues - Coralie Bordonaro et Fred Vol\u00e9on\",\"isPartOf\":{\"@id\":\"https:\/\/coraliebordonaroetfredvoleon.fr\/#website\"},\"primaryImageOfPage\":{\"@id\":\"https:\/\/coraliebordonaroetfredvoleon.fr\/index.php\/audio\/#primaryimage\"},\"image\":{\"@id\":\"https:\/\/coraliebordonaroetfredvoleon.fr\/index.php\/audio\/#primaryimage\"},\"thumbnailUrl\":\"http:\/\/coraliebordonaroetfredvoleon.fr\/wp-content\/uploads\/2026\/02\/Coralie-et-Fred-2026-683x1024.png\",\"datePublished\":\"2025-10-18T20:24:27+00:00\",\"dateModified\":\"2026-02-15T10:34:54+00:00\",\"breadcrumb\":{\"@id\":\"https:\/\/coraliebordonaroetfredvoleon.fr\/index.php\/audio\/#breadcrumb\"},\"inLanguage\":\"fr-FR\",\"potentialAction\":[{\"@type\":\"ReadAction\",\"target\":[\"https:\/\/coraliebordonaroetfredvoleon.fr\/index.php\/audio\/\"]}]},{\"@type\":\"ImageObject\",\"inLanguage\":\"fr-FR\",\"@id\":\"https:\/\/coraliebordonaroetfredvoleon.fr\/index.php\/audio\/#primaryimage\",\"url\":\"https:\/\/coraliebordonaroetfredvoleon.fr\/wp-content\/uploads\/2026\/02\/Coralie-et-Fred-2026.png\",\"contentUrl\":\"https:\/\/coraliebordonaroetfredvoleon.fr\/wp-content\/uploads\/2026\/02\/Coralie-et-Fred-2026.png\",\"width\":1024,\"height\":1536},{\"@type\":\"BreadcrumbList\",\"@id\":\"https:\/\/coraliebordonaroetfredvoleon.fr\/index.php\/audio\/#breadcrumb\",\"itemListElement\":[{\"@type\":\"ListItem\",\"position\":1,\"name\":\"Accueil\",\"item\":\"https:\/\/coraliebordonaroetfredvoleon.fr\/\"},{\"@type\":\"ListItem\",\"position\":2,\"name\":\"Chanson Fran\u00e7aise et Blues\"}]},{\"@type\":\"WebSite\",\"@id\":\"https:\/\/coraliebordonaroetfredvoleon.fr\/#website\",\"url\":\"https:\/\/coraliebordonaroetfredvoleon.fr\/\",\"name\":\"Coralie Bordonaro et Fred Vol\u00e9on\",\"description\":\"\",\"publisher\":{\"@id\":\"https:\/\/coraliebordonaroetfredvoleon.fr\/#organization\"},\"potentialAction\":[{\"@type\":\"SearchAction\",\"target\":{\"@type\":\"EntryPoint\",\"urlTemplate\":\"https:\/\/coraliebordonaroetfredvoleon.fr\/?s={search_term_string}\"},\"query-input\":{\"@type\":\"PropertyValueSpecification\",\"valueRequired\":true,\"valueName\":\"search_term_string\"}}],\"inLanguage\":\"fr-FR\"},{\"@type\":\"Organization\",\"@id\":\"https:\/\/coraliebordonaroetfredvoleon.fr\/#organization\",\"name\":\"Coralie Bordonaro et Fred Vol\u00e9on\",\"url\":\"https:\/\/coraliebordonaroetfredvoleon.fr\/\",\"logo\":{\"@type\":\"ImageObject\",\"inLanguage\":\"fr-FR\",\"@id\":\"https:\/\/coraliebordonaroetfredvoleon.fr\/#\/schema\/logo\/image\/\",\"url\":\"https:\/\/coraliebordonaroetfredvoleon.fr\/wp-content\/uploads\/2025\/12\/cropped-baniere-1.png\",\"contentUrl\":\"https:\/\/coraliebordonaroetfredvoleon.fr\/wp-content\/uploads\/2025\/12\/cropped-baniere-1.png\",\"width\":2048,\"height\":399,\"caption\":\"Coralie Bordonaro et Fred Vol\u00e9on\"},\"image\":{\"@id\":\"https:\/\/coraliebordonaroetfredvoleon.fr\/#\/schema\/logo\/image\/\"}}]}<\/script>\n<!-- \/ Yoast SEO plugin. -->","yoast_head_json":{"title":"Chanson Fran\u00e7aise et Blues - Coralie Bordonaro et Fred Vol\u00e9on","robots":{"index":"index","follow":"follow","max-snippet":"max-snippet:-1","max-image-preview":"max-image-preview:large","max-video-preview":"max-video-preview:-1"},"canonical":"https:\/\/coraliebordonaroetfredvoleon.fr\/index.php\/audio\/","og_locale":"fr_FR","og_type":"article","og_title":"Chanson Fran\u00e7aise et Blues - Coralie Bordonaro et Fred Vol\u00e9on","og_description":"Le r\u00e9pertoire de Coralie et Fred est \u00e9galement compos\u00e9 des reprises de leurs influences. Vous serez surpris par le timbre de voix de Coralie qui, sans imitation, transmet l&rsquo;univers sensible et \u00e9nergique de V\u00e9ronique Sanson dont les chansons ont une place de choix. Quant au Blues, Fred le joue avec d\u00e9vouement,\u00a0 aussi bien en accordage [&hellip;]","og_url":"https:\/\/coraliebordonaroetfredvoleon.fr\/index.php\/audio\/","og_site_name":"Coralie Bordonaro et Fred Vol\u00e9on","article_modified_time":"2026-02-15T10:34:54+00:00","og_image":[{"url":"http:\/\/coraliebordonaroetfredvoleon.fr\/wp-content\/uploads\/2026\/02\/Coralie-et-Fred-2026-683x1024.png","type":"","width":"","height":""}],"twitter_card":"summary_large_image","twitter_misc":{"Dur\u00e9e de lecture estim\u00e9e":"1 minute"},"schema":{"@context":"https:\/\/schema.org","@graph":[{"@type":"WebPage","@id":"https:\/\/coraliebordonaroetfredvoleon.fr\/index.php\/audio\/","url":"https:\/\/coraliebordonaroetfredvoleon.fr\/index.php\/audio\/","name":"Chanson Fran\u00e7aise et Blues - Coralie Bordonaro et Fred Vol\u00e9on","isPartOf":{"@id":"https:\/\/coraliebordonaroetfredvoleon.fr\/#website"},"primaryImageOfPage":{"@id":"https:\/\/coraliebordonaroetfredvoleon.fr\/index.php\/audio\/#primaryimage"},"image":{"@id":"https:\/\/coraliebordonaroetfredvoleon.fr\/index.php\/audio\/#primaryimage"},"thumbnailUrl":"http:\/\/coraliebordonaroetfredvoleon.fr\/wp-content\/uploads\/2026\/02\/Coralie-et-Fred-2026-683x1024.png","datePublished":"2025-10-18T20:24:27+00:00","dateModified":"2026-02-15T10:34:54+00:00","breadcrumb":{"@id":"https:\/\/coraliebordonaroetfredvoleon.fr\/index.php\/audio\/#breadcrumb"},"inLanguage":"fr-FR","potentialAction":[{"@type":"ReadAction","target":["https:\/\/coraliebordonaroetfredvoleon.fr\/index.php\/audio\/"]}]},{"@type":"ImageObject","inLanguage":"fr-FR","@id":"https:\/\/coraliebordonaroetfredvoleon.fr\/index.php\/audio\/#primaryimage","url":"https:\/\/coraliebordonaroetfredvoleon.fr\/wp-content\/uploads\/2026\/02\/Coralie-et-Fred-2026.png","contentUrl":"https:\/\/coraliebordonaroetfredvoleon.fr\/wp-content\/uploads\/2026\/02\/Coralie-et-Fred-2026.png","width":1024,"height":1536},{"@type":"BreadcrumbList","@id":"https:\/\/coraliebordonaroetfredvoleon.fr\/index.php\/audio\/#breadcrumb","itemListElement":[{"@type":"ListItem","position":1,"name":"Accueil","item":"https:\/\/coraliebordonaroetfredvoleon.fr\/"},{"@type":"ListItem","position":2,"name":"Chanson Fran\u00e7aise et Blues"}]},{"@type":"WebSite","@id":"https:\/\/coraliebordonaroetfredvoleon.fr\/#website","url":"https:\/\/coraliebordonaroetfredvoleon.fr\/","name":"Coralie Bordonaro et Fred Vol\u00e9on","description":"","publisher":{"@id":"https:\/\/coraliebordonaroetfredvoleon.fr\/#organization"},"potentialAction":[{"@type":"SearchAction","target":{"@type":"EntryPoint","urlTemplate":"https:\/\/coraliebordonaroetfredvoleon.fr\/?s={search_term_string}"},"query-input":{"@type":"PropertyValueSpecification","valueRequired":true,"valueName":"search_term_string"}}],"inLanguage":"fr-FR"},{"@type":"Organization","@id":"https:\/\/coraliebordonaroetfredvoleon.fr\/#organization","name":"Coralie Bordonaro et Fred Vol\u00e9on","url":"https:\/\/coraliebordonaroetfredvoleon.fr\/","logo":{"@type":"ImageObject","inLanguage":"fr-FR","@id":"https:\/\/coraliebordonaroetfredvoleon.fr\/#\/schema\/logo\/image\/","url":"https:\/\/coraliebordonaroetfredvoleon.fr\/wp-content\/uploads\/2025\/12\/cropped-baniere-1.png","contentUrl":"https:\/\/coraliebordonaroetfredvoleon.fr\/wp-content\/uploads\/2025\/12\/cropped-baniere-1.png","width":2048,"height":399,"caption":"Coralie Bordonaro et Fred Vol\u00e9on"},"image":{"@id":"https:\/\/coraliebordonaroetfredvoleon.fr\/#\/schema\/logo\/image\/"}}]}},"_links":{"self":[{"href":"https:\/\/coraliebordonaroetfredvoleon.fr\/index.php\/wp-json\/wp\/v2\/pages\/137","targetHints":{"allow":["GET"]}}],"collection":[{"href":"https:\/\/coraliebordonaroetfredvoleon.fr\/index.php\/wp-json\/wp\/v2\/pages"}],"about":[{"href":"https:\/\/coraliebordonaroetfredvoleon.fr\/index.php\/wp-json\/wp\/v2\/types\/page"}],"author":[{"embeddable":true,"href":"https:\/\/coraliebordonaroetfredvoleon.fr\/index.php\/wp-json\/wp\/v2\/users\/1"}],"replies":[{"embeddable":true,"href":"https:\/\/coraliebordonaroetfredvoleon.fr\/index.php\/wp-json\/wp\/v2\/comments?post=137"}],"version-history":[{"count":47,"href":"https:\/\/coraliebordonaroetfredvoleon.fr\/index.php\/wp-json\/wp\/v2\/pages\/137\/revisions"}],"predecessor-version":[{"id":505,"href":"https:\/\/coraliebordonaroetfredvoleon.fr\/index.php\/wp-json\/wp\/v2\/pages\/137\/revisions\/505"}],"wp:attachment":[{"href":"https:\/\/coraliebordonaroetfredvoleon.fr\/index.php\/wp-json\/wp\/v2\/media?parent=137"}],"curies":[{"name":"wp","href":"https:\/\/api.w.org\/{rel}","templated":true}]}}