{"id":17,"date":"2025-10-07T07:27:21","date_gmt":"2025-10-07T07:27:21","guid":{"rendered":"https:\/\/coraliebordonaroetfredvoleon.fr\/?page_id=17"},"modified":"2026-02-14T15:49:51","modified_gmt":"2026-02-14T15:49:51","slug":"actulite","status":"publish","type":"page","link":"https:\/\/coraliebordonaroetfredvoleon.fr\/","title":{"rendered":""},"content":{"rendered":"\t\t<div data-elementor-type=\"wp-page\" data-elementor-id=\"17\" class=\"elementor elementor-17\">\n\t\t\t\t<div class=\"elementor-element elementor-element-c2bfdb0 e-flex e-con-boxed e-con e-parent\" data-id=\"c2bfdb0\" data-element_type=\"container\">\n\t\t\t\t\t<div class=\"e-con-inner\">\n\t\t\t\t<div class=\"elementor-element elementor-element-6d2fed4 elementor-widget elementor-widget-text-editor\" data-id=\"6d2fed4\" data-element_type=\"widget\" data-widget_type=\"text-editor.default\">\n\t\t\t\t\t\t\t\t\t<p><span style=\"color: #000000;\">Coralie Bordonaro, autrice, compositrice, interpr\u00e8te et Fred Vol\u00e9on, guitariste, chanteur forment un duo voix, guitare. Complices et inspir\u00e9s ils jouent avec les mots, les notes et le public.&nbsp;<\/span><span style=\"color: #000000;\">Une voix chaleureuse et ma\u00eetris\u00e9e, un jeu de guitare pr\u00e9cis et expressif. Simplicit\u00e9, authenticit\u00e9, sensibilit\u00e9 et humour.<\/span><\/p>\t\t\t\t\t\t\t\t<\/div>\n\t\t\t\t\t<\/div>\n\t\t\t\t<\/div>\n\t\t<div class=\"elementor-element elementor-element-da7c73c e-flex e-con-boxed e-con e-parent\" data-id=\"da7c73c\" data-element_type=\"container\">\n\t\t\t\t\t<div class=\"e-con-inner\">\n\t\t\t\t<div class=\"elementor-element elementor-element-2ad6995 elementor-widget elementor-widget-image\" data-id=\"2ad6995\" data-element_type=\"widget\" data-widget_type=\"image.default\">\n\t\t\t\t\t\t\t\t\t\t\t\t\t\t\t<img fetchpriority=\"high\" decoding=\"async\" width=\"768\" height=\"1024\" src=\"https:\/\/coraliebordonaroetfredvoleon.fr\/wp-content\/uploads\/2026\/02\/IMG_20250928_230639-768x1024.jpg\" class=\"attachment-large size-large wp-image-424\" alt=\"\" srcset=\"https:\/\/coraliebordonaroetfredvoleon.fr\/wp-content\/uploads\/2026\/02\/IMG_20250928_230639-768x1024.jpg 768w, https:\/\/coraliebordonaroetfredvoleon.fr\/wp-content\/uploads\/2026\/02\/IMG_20250928_230639-225x300.jpg 225w, https:\/\/coraliebordonaroetfredvoleon.fr\/wp-content\/uploads\/2026\/02\/IMG_20250928_230639-1152x1536.jpg 1152w, https:\/\/coraliebordonaroetfredvoleon.fr\/wp-content\/uploads\/2026\/02\/IMG_20250928_230639-1536x2048.jpg 1536w, https:\/\/coraliebordonaroetfredvoleon.fr\/wp-content\/uploads\/2026\/02\/IMG_20250928_230639-scaled.jpg 1920w\" sizes=\"(max-width: 768px) 100vw, 768px\" \/>\t\t\t\t\t\t\t\t\t\t\t\t\t\t\t<\/div>\n\t\t\t\t\t<\/div>\n\t\t\t\t<\/div>\n\t\t<div class=\"elementor-element elementor-element-4317534 e-flex e-con-boxed e-con e-parent\" data-id=\"4317534\" data-element_type=\"container\">\n\t\t\t\t\t<div class=\"e-con-inner\">\n\t\t\t\t<div class=\"elementor-element elementor-element-6bc5ff6 elementor-widget elementor-widget-text-editor\" data-id=\"6bc5ff6\" data-element_type=\"widget\" data-widget_type=\"text-editor.default\">\n\t\t\t\t\t\t\t\t\t<p><span style=\"color: #000000;\"><strong>Les Mots du Public<\/strong> :<\/span><br \/><span style=\"color: #000000;\">\u00ab\u00a0Une belle \u00e9nergie au service de la musique et du chant\u00a0\u00bb<\/span><\/p>\t\t\t\t\t\t\t\t<\/div>\n\t\t\t\t\t<\/div>\n\t\t\t\t<\/div>\n\t\t\t\t<\/div>\n\t\t","protected":false},"excerpt":{"rendered":"<p>Coralie Bordonaro, autrice, compositrice, interpr\u00e8te et Fred Vol\u00e9on, guitariste, chanteur forment un duo voix, guitare. Complices et inspir\u00e9s ils jouent avec les mots, les notes et le public.&nbsp;Une voix chaleureuse et ma\u00eetris\u00e9e, un jeu de guitare pr\u00e9cis et expressif. Simplicit\u00e9, authenticit\u00e9, sensibilit\u00e9 et humour. Les Mots du Public :\u00ab\u00a0Une belle \u00e9nergie au service de la [&hellip;]<\/p>\n","protected":false},"author":1,"featured_media":0,"parent":0,"menu_order":0,"comment_status":"closed","ping_status":"closed","template":"","meta":{"footnotes":""},"class_list":["post-17","page","type-page","status-publish","hentry","entry"],"yoast_head":"<!-- This site is optimized with the Yoast SEO plugin v26.2 - https:\/\/yoast.com\/wordpress\/plugins\/seo\/ -->\n<title>- Coralie Bordonaro et Fred Vol\u00e9on<\/title>\n<meta name=\"robots\" content=\"index, follow, max-snippet:-1, max-image-preview:large, max-video-preview:-1\" \/>\n<link rel=\"canonical\" href=\"https:\/\/coraliebordonaroetfredvoleon.fr\/\" \/>\n<meta property=\"og:locale\" content=\"fr_FR\" \/>\n<meta property=\"og:type\" content=\"article\" \/>\n<meta property=\"og:title\" content=\"- Coralie Bordonaro et Fred Vol\u00e9on\" \/>\n<meta property=\"og:description\" content=\"Coralie Bordonaro, autrice, compositrice, interpr\u00e8te et Fred Vol\u00e9on, guitariste, chanteur forment un duo voix, guitare. Complices et inspir\u00e9s ils jouent avec les mots, les notes et le public.&nbsp;Une voix chaleureuse et ma\u00eetris\u00e9e, un jeu de guitare pr\u00e9cis et expressif. Simplicit\u00e9, authenticit\u00e9, sensibilit\u00e9 et humour. Les Mots du Public :\u00ab\u00a0Une belle \u00e9nergie au service de la [&hellip;]\" \/>\n<meta property=\"og:url\" content=\"https:\/\/coraliebordonaroetfredvoleon.fr\/\" \/>\n<meta property=\"og:site_name\" content=\"Coralie Bordonaro et Fred Vol\u00e9on\" \/>\n<meta property=\"article:modified_time\" content=\"2026-02-14T15:49:51+00:00\" \/>\n<meta property=\"og:image\" content=\"http:\/\/coraliebordonaroetfredvoleon.fr\/wp-content\/uploads\/2026\/02\/IMG_20250928_230639-768x1024.jpg\" \/>\n<meta name=\"twitter:card\" content=\"summary_large_image\" \/>\n<meta name=\"twitter:label1\" content=\"Dur\u00e9e de lecture estim\u00e9e\" \/>\n\t<meta name=\"twitter:data1\" content=\"1 minute\" \/>\n<script type=\"application\/ld+json\" class=\"yoast-schema-graph\">{\"@context\":\"https:\/\/schema.org\",\"@graph\":[{\"@type\":\"WebPage\",\"@id\":\"https:\/\/coraliebordonaroetfredvoleon.fr\/\",\"url\":\"https:\/\/coraliebordonaroetfredvoleon.fr\/\",\"name\":\"- Coralie Bordonaro et Fred Vol\u00e9on\",\"isPartOf\":{\"@id\":\"https:\/\/coraliebordonaroetfredvoleon.fr\/#website\"},\"primaryImageOfPage\":{\"@id\":\"https:\/\/coraliebordonaroetfredvoleon.fr\/#primaryimage\"},\"image\":{\"@id\":\"https:\/\/coraliebordonaroetfredvoleon.fr\/#primaryimage\"},\"thumbnailUrl\":\"http:\/\/coraliebordonaroetfredvoleon.fr\/wp-content\/uploads\/2026\/02\/IMG_20250928_230639-768x1024.jpg\",\"datePublished\":\"2025-10-07T07:27:21+00:00\",\"dateModified\":\"2026-02-14T15:49:51+00:00\",\"inLanguage\":\"fr-FR\",\"potentialAction\":[{\"@type\":\"ReadAction\",\"target\":[\"https:\/\/coraliebordonaroetfredvoleon.fr\/\"]}]},{\"@type\":\"ImageObject\",\"inLanguage\":\"fr-FR\",\"@id\":\"https:\/\/coraliebordonaroetfredvoleon.fr\/#primaryimage\",\"url\":\"http:\/\/coraliebordonaroetfredvoleon.fr\/wp-content\/uploads\/2026\/02\/IMG_20250928_230639-768x1024.jpg\",\"contentUrl\":\"http:\/\/coraliebordonaroetfredvoleon.fr\/wp-content\/uploads\/2026\/02\/IMG_20250928_230639-768x1024.jpg\"},{\"@type\":\"WebSite\",\"@id\":\"https:\/\/coraliebordonaroetfredvoleon.fr\/#website\",\"url\":\"https:\/\/coraliebordonaroetfredvoleon.fr\/\",\"name\":\"Coralie Bordonaro et Fred Vol\u00e9on\",\"description\":\"\",\"publisher\":{\"@id\":\"https:\/\/coraliebordonaroetfredvoleon.fr\/#organization\"},\"potentialAction\":[{\"@type\":\"SearchAction\",\"target\":{\"@type\":\"EntryPoint\",\"urlTemplate\":\"https:\/\/coraliebordonaroetfredvoleon.fr\/?s={search_term_string}\"},\"query-input\":{\"@type\":\"PropertyValueSpecification\",\"valueRequired\":true,\"valueName\":\"search_term_string\"}}],\"inLanguage\":\"fr-FR\"},{\"@type\":\"Organization\",\"@id\":\"https:\/\/coraliebordonaroetfredvoleon.fr\/#organization\",\"name\":\"Coralie Bordonaro et Fred Vol\u00e9on\",\"url\":\"https:\/\/coraliebordonaroetfredvoleon.fr\/\",\"logo\":{\"@type\":\"ImageObject\",\"inLanguage\":\"fr-FR\",\"@id\":\"https:\/\/coraliebordonaroetfredvoleon.fr\/#\/schema\/logo\/image\/\",\"url\":\"https:\/\/coraliebordonaroetfredvoleon.fr\/wp-content\/uploads\/2025\/12\/cropped-baniere-1.png\",\"contentUrl\":\"https:\/\/coraliebordonaroetfredvoleon.fr\/wp-content\/uploads\/2025\/12\/cropped-baniere-1.png\",\"width\":2048,\"height\":399,\"caption\":\"Coralie Bordonaro et Fred Vol\u00e9on\"},\"image\":{\"@id\":\"https:\/\/coraliebordonaroetfredvoleon.fr\/#\/schema\/logo\/image\/\"}}]}<\/script>\n<!-- \/ Yoast SEO plugin. -->","yoast_head_json":{"title":"- Coralie Bordonaro et Fred Vol\u00e9on","robots":{"index":"index","follow":"follow","max-snippet":"max-snippet:-1","max-image-preview":"max-image-preview:large","max-video-preview":"max-video-preview:-1"},"canonical":"https:\/\/coraliebordonaroetfredvoleon.fr\/","og_locale":"fr_FR","og_type":"article","og_title":"- Coralie Bordonaro et Fred Vol\u00e9on","og_description":"Coralie Bordonaro, autrice, compositrice, interpr\u00e8te et Fred Vol\u00e9on, guitariste, chanteur forment un duo voix, guitare. Complices et inspir\u00e9s ils jouent avec les mots, les notes et le public.&nbsp;Une voix chaleureuse et ma\u00eetris\u00e9e, un jeu de guitare pr\u00e9cis et expressif. Simplicit\u00e9, authenticit\u00e9, sensibilit\u00e9 et humour. Les Mots du Public :\u00ab\u00a0Une belle \u00e9nergie au service de la [&hellip;]","og_url":"https:\/\/coraliebordonaroetfredvoleon.fr\/","og_site_name":"Coralie Bordonaro et Fred Vol\u00e9on","article_modified_time":"2026-02-14T15:49:51+00:00","og_image":[{"url":"http:\/\/coraliebordonaroetfredvoleon.fr\/wp-content\/uploads\/2026\/02\/IMG_20250928_230639-768x1024.jpg","type":"","width":"","height":""}],"twitter_card":"summary_large_image","twitter_misc":{"Dur\u00e9e de lecture estim\u00e9e":"1 minute"},"schema":{"@context":"https:\/\/schema.org","@graph":[{"@type":"WebPage","@id":"https:\/\/coraliebordonaroetfredvoleon.fr\/","url":"https:\/\/coraliebordonaroetfredvoleon.fr\/","name":"- Coralie Bordonaro et Fred Vol\u00e9on","isPartOf":{"@id":"https:\/\/coraliebordonaroetfredvoleon.fr\/#website"},"primaryImageOfPage":{"@id":"https:\/\/coraliebordonaroetfredvoleon.fr\/#primaryimage"},"image":{"@id":"https:\/\/coraliebordonaroetfredvoleon.fr\/#primaryimage"},"thumbnailUrl":"http:\/\/coraliebordonaroetfredvoleon.fr\/wp-content\/uploads\/2026\/02\/IMG_20250928_230639-768x1024.jpg","datePublished":"2025-10-07T07:27:21+00:00","dateModified":"2026-02-14T15:49:51+00:00","inLanguage":"fr-FR","potentialAction":[{"@type":"ReadAction","target":["https:\/\/coraliebordonaroetfredvoleon.fr\/"]}]},{"@type":"ImageObject","inLanguage":"fr-FR","@id":"https:\/\/coraliebordonaroetfredvoleon.fr\/#primaryimage","url":"http:\/\/coraliebordonaroetfredvoleon.fr\/wp-content\/uploads\/2026\/02\/IMG_20250928_230639-768x1024.jpg","contentUrl":"http:\/\/coraliebordonaroetfredvoleon.fr\/wp-content\/uploads\/2026\/02\/IMG_20250928_230639-768x1024.jpg"},{"@type":"WebSite","@id":"https:\/\/coraliebordonaroetfredvoleon.fr\/#website","url":"https:\/\/coraliebordonaroetfredvoleon.fr\/","name":"Coralie Bordonaro et Fred Vol\u00e9on","description":"","publisher":{"@id":"https:\/\/coraliebordonaroetfredvoleon.fr\/#organization"},"potentialAction":[{"@type":"SearchAction","target":{"@type":"EntryPoint","urlTemplate":"https:\/\/coraliebordonaroetfredvoleon.fr\/?s={search_term_string}"},"query-input":{"@type":"PropertyValueSpecification","valueRequired":true,"valueName":"search_term_string"}}],"inLanguage":"fr-FR"},{"@type":"Organization","@id":"https:\/\/coraliebordonaroetfredvoleon.fr\/#organization","name":"Coralie Bordonaro et Fred Vol\u00e9on","url":"https:\/\/coraliebordonaroetfredvoleon.fr\/","logo":{"@type":"ImageObject","inLanguage":"fr-FR","@id":"https:\/\/coraliebordonaroetfredvoleon.fr\/#\/schema\/logo\/image\/","url":"https:\/\/coraliebordonaroetfredvoleon.fr\/wp-content\/uploads\/2025\/12\/cropped-baniere-1.png","contentUrl":"https:\/\/coraliebordonaroetfredvoleon.fr\/wp-content\/uploads\/2025\/12\/cropped-baniere-1.png","width":2048,"height":399,"caption":"Coralie Bordonaro et Fred Vol\u00e9on"},"image":{"@id":"https:\/\/coraliebordonaroetfredvoleon.fr\/#\/schema\/logo\/image\/"}}]}},"_links":{"self":[{"href":"https:\/\/coraliebordonaroetfredvoleon.fr\/index.php\/wp-json\/wp\/v2\/pages\/17","targetHints":{"allow":["GET"]}}],"collection":[{"href":"https:\/\/coraliebordonaroetfredvoleon.fr\/index.php\/wp-json\/wp\/v2\/pages"}],"about":[{"href":"https:\/\/coraliebordonaroetfredvoleon.fr\/index.php\/wp-json\/wp\/v2\/types\/page"}],"author":[{"embeddable":true,"href":"https:\/\/coraliebordonaroetfredvoleon.fr\/index.php\/wp-json\/wp\/v2\/users\/1"}],"replies":[{"embeddable":true,"href":"https:\/\/coraliebordonaroetfredvoleon.fr\/index.php\/wp-json\/wp\/v2\/comments?post=17"}],"version-history":[{"count":66,"href":"https:\/\/coraliebordonaroetfredvoleon.fr\/index.php\/wp-json\/wp\/v2\/pages\/17\/revisions"}],"predecessor-version":[{"id":460,"href":"https:\/\/coraliebordonaroetfredvoleon.fr\/index.php\/wp-json\/wp\/v2\/pages\/17\/revisions\/460"}],"wp:attachment":[{"href":"https:\/\/coraliebordonaroetfredvoleon.fr\/index.php\/wp-json\/wp\/v2\/media?parent=17"}],"curies":[{"name":"wp","href":"https:\/\/api.w.org\/{rel}","templated":true}]}}