{"id":19,"date":"2025-10-07T07:28:17","date_gmt":"2025-10-07T07:28:17","guid":{"rendered":"https:\/\/coraliebordonaroetfredvoleon.fr\/?page_id=19"},"modified":"2026-04-03T18:21:12","modified_gmt":"2026-04-03T18:21:12","slug":"videos","status":"publish","type":"page","link":"https:\/\/coraliebordonaroetfredvoleon.fr\/index.php\/videos\/","title":{"rendered":"Compositions"},"content":{"rendered":"\t\t<div data-elementor-type=\"wp-page\" data-elementor-id=\"19\" class=\"elementor elementor-19\">\n\t\t\t\t<div class=\"elementor-element elementor-element-3436ea2 e-flex e-con-boxed e-con e-parent\" data-id=\"3436ea2\" data-element_type=\"container\">\n\t\t\t\t\t<div class=\"e-con-inner\">\n\t\t\t\t<div class=\"elementor-element elementor-element-13da240 elementor-widget elementor-widget-text-editor\" data-id=\"13da240\" data-element_type=\"widget\" data-widget_type=\"text-editor.default\">\n\t\t\t\t\t\t\t\t\t<p><span style=\"color: #000000;\">Le spectacle de Coralie Bordonaro, autrice, compositrice, chanteuse et Fred Vol\u00e9on, guitariste, est une proposition de chansons originales, intimes et vivantes, o\u00f9 les textes ancr\u00e9s dans le r\u00e9el, la voix chaleureuse et puissante de Coralie rencontrent le jeu de guitare picking aux influences Blues de Fred. Les chansons parlent des \u00e9motions et du quotidien avec sinc\u00e9rit\u00e9 et humour. Leur belle complicit\u00e9 sc\u00e9nique cr\u00e9e une proximit\u00e9 imm\u00e9diate avec le public et vous\u00a0 invite \u00e0 un moment de partage\u00a0 authentique.\u00a0<br \/><strong>Contact : 06 15 02 09 91\u00a0<\/strong><br \/><strong>coralie.bordonaro@gmail.com<\/strong><\/span><\/p>\t\t\t\t\t\t\t\t<\/div>\n\t\t\t\t\t<\/div>\n\t\t\t\t<\/div>\n\t\t<div class=\"elementor-element elementor-element-d0c2a62 e-flex e-con-boxed e-con e-parent\" data-id=\"d0c2a62\" data-element_type=\"container\">\n\t\t\t\t\t<div class=\"e-con-inner\">\n\t\t\t\t<div class=\"elementor-element elementor-element-ebcddec elementor-widget elementor-widget-video\" data-id=\"ebcddec\" data-element_type=\"widget\" data-settings=\"{&quot;youtube_url&quot;:&quot;https:\\\/\\\/youtu.be\\\/mI12pQ7rjtg?si=mXkRDU9sqIDRlrrR&quot;,&quot;video_type&quot;:&quot;youtube&quot;,&quot;controls&quot;:&quot;yes&quot;}\" data-widget_type=\"video.default\">\n\t\t\t\t\t\t\t<div class=\"elementor-wrapper elementor-open-inline\">\n\t\t\t<div class=\"elementor-video\"><\/div>\t\t<\/div>\n\t\t\t\t\t\t<\/div>\n\t\t\t\t\t<\/div>\n\t\t\t\t<\/div>\n\t\t<div class=\"elementor-element elementor-element-d157a0c e-flex e-con-boxed e-con e-parent\" data-id=\"d157a0c\" data-element_type=\"container\">\n\t\t\t\t\t<div class=\"e-con-inner\">\n\t\t\t\t<div class=\"elementor-element elementor-element-194d8c9 elementor-widget elementor-widget-image\" data-id=\"194d8c9\" data-element_type=\"widget\" data-widget_type=\"image.default\">\n\t\t\t\t\t\t\t\t\t\t\t\t\t\t\t<img fetchpriority=\"high\" decoding=\"async\" width=\"1024\" height=\"429\" src=\"https:\/\/coraliebordonaroetfredvoleon.fr\/wp-content\/uploads\/2026\/04\/pochette-2-1024x429.jpg\" class=\"attachment-large size-large wp-image-513\" alt=\"\" srcset=\"https:\/\/coraliebordonaroetfredvoleon.fr\/wp-content\/uploads\/2026\/04\/pochette-2-1024x429.jpg 1024w, https:\/\/coraliebordonaroetfredvoleon.fr\/wp-content\/uploads\/2026\/04\/pochette-2-300x126.jpg 300w, https:\/\/coraliebordonaroetfredvoleon.fr\/wp-content\/uploads\/2026\/04\/pochette-2-768x322.jpg 768w, https:\/\/coraliebordonaroetfredvoleon.fr\/wp-content\/uploads\/2026\/04\/pochette-2.jpg 1163w\" sizes=\"(max-width: 1024px) 100vw, 1024px\" \/>\t\t\t\t\t\t\t\t\t\t\t\t\t\t\t<\/div>\n\t\t\t\t<div class=\"elementor-element elementor-element-06f441f elementor-widget elementor-widget-text-editor\" data-id=\"06f441f\" data-element_type=\"widget\" data-widget_type=\"text-editor.default\">\n\t\t\t\t\t\t\t\t\t<p style=\"text-align: center;\">Commandez notre CD 15 titres en\u00a0 \u00e9crivant ici :\u00a0<br \/><span style=\"font-size: 15px; color: var( --e-global-color-text ); text-align: var(--text-align);\"><strong>coralie.bordonaro@gmail.com<\/strong><br \/><\/span><span style=\"font-size: 15px; color: var( --e-global-color-text ); text-align: var(--text-align);\"><strong>18\u20ac<\/strong> &#8211; Frais de port inclus.<\/span><\/p>\t\t\t\t\t\t\t\t<\/div>\n\t\t\t\t\t<\/div>\n\t\t\t\t<\/div>\n\t\t<div class=\"elementor-element elementor-element-fdf5edc e-flex e-con-boxed e-con e-parent\" data-id=\"fdf5edc\" data-element_type=\"container\">\n\t\t\t\t\t<div class=\"e-con-inner\">\n\t\t<div class=\"elementor-element elementor-element-a4592bb e-con-full e-flex e-con e-child\" data-id=\"a4592bb\" data-element_type=\"container\">\n\t\t\t\t<div class=\"elementor-element elementor-element-24e541a elementor-widget elementor-widget-text-editor\" data-id=\"24e541a\" data-element_type=\"widget\" data-widget_type=\"text-editor.default\">\n\t\t\t\t\t\t\t\t\t<p><span style=\"color: #000000;\"><strong><em>Le petit truc en plus<\/em><\/strong> parle du bonheur amoureux, celui qui transforme la vie sans pr\u00e9venir. Cette chanson semble raconter une histoire d&rsquo;amour mais, derri\u00e8re cette d\u00e9claration se cache une pirouette pleine d&rsquo;humour, qui d\u00e9tourne les attentes.<\/span><br \/><span style=\"color: #000000;\">L\u00e9g\u00e8re et complice, \u00e0 \u00e9couter jusqu&rsquo;au bout.<\/span><br \/><span style=\"color: #000000;\"><em>Chanson doublement r\u00e9compens\u00e9e \u00e0 Avignon &#8211; Prix de la chanson originale.<\/em><\/span><\/p>\t\t\t\t\t\t\t\t<\/div>\n\t\t\t\t<\/div>\n\t\t<div class=\"elementor-element elementor-element-ea5c796 e-con-full e-flex e-con e-child\" data-id=\"ea5c796\" data-element_type=\"container\">\n\t\t\t\t<div class=\"elementor-element elementor-element-9b3f13b elementor-widget elementor-widget-video\" data-id=\"9b3f13b\" data-element_type=\"widget\" data-settings=\"{&quot;youtube_url&quot;:&quot;https:\\\/\\\/www.youtube.com\\\/watch?v=n9X6MAcUzAc&amp;t=5s&quot;,&quot;video_type&quot;:&quot;youtube&quot;,&quot;controls&quot;:&quot;yes&quot;}\" data-widget_type=\"video.default\">\n\t\t\t\t\t\t\t<div class=\"elementor-wrapper elementor-open-inline\">\n\t\t\t<div class=\"elementor-video\"><\/div>\t\t<\/div>\n\t\t\t\t\t\t<\/div>\n\t\t\t\t<\/div>\n\t\t\t\t\t<\/div>\n\t\t\t\t<\/div>\n\t\t<div class=\"elementor-element elementor-element-c8806a2 e-flex e-con-boxed e-con e-parent\" data-id=\"c8806a2\" data-element_type=\"container\">\n\t\t\t\t\t<div class=\"e-con-inner\">\n\t\t<div class=\"elementor-element elementor-element-f7ff230 e-con-full e-flex e-con e-child\" data-id=\"f7ff230\" data-element_type=\"container\">\n\t\t\t\t<div class=\"elementor-element elementor-element-c90d523 elementor-widget elementor-widget-text-editor\" data-id=\"c90d523\" data-element_type=\"widget\" data-widget_type=\"text-editor.default\">\n\t\t\t\t\t\t\t\t\t<p><span style=\"color: #000000;\"><em><strong>Une si belle ann\u00e9e<\/strong><\/em>, chanson \u00e9crite pendant le confinement. Un regard personnel d&rsquo;artiste sur cette p\u00e9riode suspendue, un temps de ralentissement et de cr\u00e9ation. Un chanson douce et introspective comme un instant de lumi\u00e8re hors du temps. <em>Enregistr\u00e9e au studio K-NO-P et film\u00e9e par Vincent Cerda (Scopandfolk TV).<\/em><\/span><\/p>\t\t\t\t\t\t\t\t<\/div>\n\t\t\t\t<\/div>\n\t\t<div class=\"elementor-element elementor-element-8073e17 e-con-full e-flex e-con e-child\" data-id=\"8073e17\" data-element_type=\"container\">\n\t\t\t\t<div class=\"elementor-element elementor-element-1b2333f elementor-widget elementor-widget-video\" data-id=\"1b2333f\" data-element_type=\"widget\" data-settings=\"{&quot;youtube_url&quot;:&quot;https:\\\/\\\/youtu.be\\\/yHvPy8qnP14?si=1NZ7fFyNnzZcC9xf&quot;,&quot;video_type&quot;:&quot;youtube&quot;,&quot;controls&quot;:&quot;yes&quot;}\" data-widget_type=\"video.default\">\n\t\t\t\t\t\t\t<div class=\"elementor-wrapper elementor-open-inline\">\n\t\t\t<div class=\"elementor-video\"><\/div>\t\t<\/div>\n\t\t\t\t\t\t<\/div>\n\t\t\t\t<\/div>\n\t\t\t\t\t<\/div>\n\t\t\t\t<\/div>\n\t\t<div class=\"elementor-element elementor-element-ec0e46b e-flex e-con-boxed e-con e-parent\" data-id=\"ec0e46b\" data-element_type=\"container\">\n\t\t\t\t\t<div class=\"e-con-inner\">\n\t\t\t\t<div class=\"elementor-element elementor-element-76f3459 elementor-widget elementor-widget-text-editor\" data-id=\"76f3459\" data-element_type=\"widget\" data-widget_type=\"text-editor.default\">\n\t\t\t\t\t\t\t\t\t<p><!-- \/wp:paragraph --><!-- wp:heading {\"level\":3} --><\/p><h3 class=\"wp-block-heading\"><strong>Une si belle ann\u00e9e<\/strong><\/h3><p><!-- \/wp:heading --><!-- wp:audio {\"id\":138,\"align\":\"center\"} --><\/p><figure class=\"wp-block-audio aligncenter\"><audio src=\"https:\/\/coraliebordonaroetfredvoleon.fr\/wp-content\/uploads\/2025\/10\/UNE-SI-BELLE-ANNEE.mp3\" preload=\"none\" controls=\"controls\"><\/audio><\/figure><p><!-- \/wp:audio --><!-- wp:paragraph {\"style\":{\"elements\":{\"link\":{\"color\":{\"text\":\"var:preset|color|black\"}}}},\"textColor\":\"black\",\"fontSize\":\"small\"} --><\/p><p class=\"has-black-color has-text-color has-link-color has-small-font-size\">Paroles et musique, Coralie Bordonaro \/ guitare Fred Vol\u00e9on.<\/p><p><!-- \/wp:paragraph --><!-- wp:paragraph {\"style\":{\"elements\":{\"link\":{\"color\":{\"text\":\"var:preset|color|black\"}}}},\"textColor\":\"black\",\"fontSize\":\"small\"} --><\/p><p class=\"has-black-color has-text-color has-link-color has-small-font-size\">Enregistr\u00e9 par Anthony Giordano au studio K-No-P \/ Mixage Teddy Marin en septembre 2025<\/p><p><!-- \/wp:paragraph --><!-- wp:heading {\"level\":3} --><\/p><h3 class=\"wp-block-heading\">Un Ange<\/h3><p><!-- \/wp:heading --><!-- wp:audio {\"id\":139} --><\/p><figure class=\"wp-block-audio\"><audio src=\"https:\/\/coraliebordonaroetfredvoleon.fr\/wp-content\/uploads\/2025\/10\/UN-ANGE.mp3\" controls=\"controls\"><\/audio><\/figure><p><!-- \/wp:audio --><!-- wp:paragraph {\"style\":{\"elements\":{\"link\":{\"color\":{\"text\":\"var:preset|color|black\"}}}},\"textColor\":\"black\",\"fontSize\":\"small\"} --><\/p><p class=\"has-black-color has-text-color has-link-color has-small-font-size\">Paroles et musique, Coralie Bordonaro \/ guitare Fred Vol\u00e9on.<\/p><p><!-- \/wp:paragraph --><!-- wp:paragraph {\"style\":{\"elements\":{\"link\":{\"color\":{\"text\":\"var:preset|color|black\"}}}},\"textColor\":\"black\",\"fontSize\":\"small\"} --><\/p><p class=\"has-black-color has-text-color has-link-color has-small-font-size\">Enregistr\u00e9 par Anthony Giordano au studio K-No-P \/ Mixage Teddy Marin en septembre 2025<\/p><p><!-- \/wp:paragraph --><!-- wp:heading {\"level\":3,\"style\":{\"elements\":{\"link\":{\"color\":{\"text\":\"var:preset|color|black\"}}}},\"textColor\":\"black\"} --><\/p><h3 class=\"wp-block-heading has-black-color has-text-color has-link-color\">Le jeu<\/h3><p><!-- \/wp:heading --><!-- wp:audio {\"id\":140} --><\/p><figure class=\"wp-block-audio\"><audio src=\"https:\/\/coraliebordonaroetfredvoleon.fr\/wp-content\/uploads\/2025\/10\/LE-JEU.mp3\" controls=\"controls\"><\/audio><\/figure><p><!-- \/wp:audio --><!-- wp:paragraph {\"style\":{\"elements\":{\"link\":{\"color\":{\"text\":\"var:preset|color|black\"}}}},\"textColor\":\"black\",\"fontSize\":\"small\"} --><\/p><p class=\"has-black-color has-text-color has-link-color has-small-font-size\">Paroles et musique, Coralie Bordonaro \/ guitare Fred Vol\u00e9on.<\/p><p><!-- \/wp:paragraph --><!-- wp:paragraph {\"style\":{\"elements\":{\"link\":{\"color\":{\"text\":\"var:preset|color|black\"}}}},\"textColor\":\"black\",\"fontSize\":\"small\"} --><\/p><p class=\"has-black-color has-text-color has-link-color has-small-font-size\">Enregistr\u00e9 par Anthony Giordano au studio K-No-P \/ Mixage Teddy Marin en septembre 2025<\/p><p><!-- \/wp:paragraph --><!-- wp:paragraph --><\/p><p><!-- \/wp:paragraph --><\/p>\t\t\t\t\t\t\t\t<\/div>\n\t\t\t\t\t<\/div>\n\t\t\t\t<\/div>\n\t\t\t\t<\/div>\n\t\t","protected":false},"excerpt":{"rendered":"<p>Le spectacle de Coralie Bordonaro, autrice, compositrice, chanteuse et Fred Vol\u00e9on, guitariste, est une proposition de chansons originales, intimes et vivantes, o\u00f9 les textes ancr\u00e9s dans le r\u00e9el, la voix chaleureuse et puissante de Coralie rencontrent le jeu de guitare picking aux influences Blues de Fred. Les chansons parlent des \u00e9motions et du quotidien avec [&hellip;]<\/p>\n","protected":false},"author":1,"featured_media":0,"parent":0,"menu_order":0,"comment_status":"closed","ping_status":"closed","template":"","meta":{"footnotes":""},"class_list":["post-19","page","type-page","status-publish","hentry","entry"],"yoast_head":"<!-- This site is optimized with the Yoast SEO plugin v26.2 - https:\/\/yoast.com\/wordpress\/plugins\/seo\/ -->\n<title>Compositions - Coralie Bordonaro et Fred Vol\u00e9on<\/title>\n<meta name=\"robots\" content=\"index, follow, max-snippet:-1, max-image-preview:large, max-video-preview:-1\" \/>\n<link rel=\"canonical\" href=\"https:\/\/coraliebordonaroetfredvoleon.fr\/index.php\/videos\/\" \/>\n<meta property=\"og:locale\" content=\"fr_FR\" \/>\n<meta property=\"og:type\" content=\"article\" \/>\n<meta property=\"og:title\" content=\"Compositions - Coralie Bordonaro et Fred Vol\u00e9on\" \/>\n<meta property=\"og:description\" content=\"Le spectacle de Coralie Bordonaro, autrice, compositrice, chanteuse et Fred Vol\u00e9on, guitariste, est une proposition de chansons originales, intimes et vivantes, o\u00f9 les textes ancr\u00e9s dans le r\u00e9el, la voix chaleureuse et puissante de Coralie rencontrent le jeu de guitare picking aux influences Blues de Fred. Les chansons parlent des \u00e9motions et du quotidien avec [&hellip;]\" \/>\n<meta property=\"og:url\" content=\"https:\/\/coraliebordonaroetfredvoleon.fr\/index.php\/videos\/\" \/>\n<meta property=\"og:site_name\" content=\"Coralie Bordonaro et Fred Vol\u00e9on\" \/>\n<meta property=\"article:modified_time\" content=\"2026-04-03T18:21:12+00:00\" \/>\n<meta property=\"og:image\" content=\"http:\/\/coraliebordonaroetfredvoleon.fr\/wp-content\/uploads\/2026\/04\/pochette-2-1024x429.jpg\" \/>\n<meta name=\"twitter:card\" content=\"summary_large_image\" \/>\n<meta name=\"twitter:label1\" content=\"Dur\u00e9e de lecture estim\u00e9e\" \/>\n\t<meta name=\"twitter:data1\" content=\"2 minutes\" \/>\n<script type=\"application\/ld+json\" class=\"yoast-schema-graph\">{\"@context\":\"https:\/\/schema.org\",\"@graph\":[{\"@type\":\"WebPage\",\"@id\":\"https:\/\/coraliebordonaroetfredvoleon.fr\/index.php\/videos\/\",\"url\":\"https:\/\/coraliebordonaroetfredvoleon.fr\/index.php\/videos\/\",\"name\":\"Compositions - Coralie Bordonaro et Fred Vol\u00e9on\",\"isPartOf\":{\"@id\":\"https:\/\/coraliebordonaroetfredvoleon.fr\/#website\"},\"primaryImageOfPage\":{\"@id\":\"https:\/\/coraliebordonaroetfredvoleon.fr\/index.php\/videos\/#primaryimage\"},\"image\":{\"@id\":\"https:\/\/coraliebordonaroetfredvoleon.fr\/index.php\/videos\/#primaryimage\"},\"thumbnailUrl\":\"http:\/\/coraliebordonaroetfredvoleon.fr\/wp-content\/uploads\/2026\/04\/pochette-2-1024x429.jpg\",\"datePublished\":\"2025-10-07T07:28:17+00:00\",\"dateModified\":\"2026-04-03T18:21:12+00:00\",\"breadcrumb\":{\"@id\":\"https:\/\/coraliebordonaroetfredvoleon.fr\/index.php\/videos\/#breadcrumb\"},\"inLanguage\":\"fr-FR\",\"potentialAction\":[{\"@type\":\"ReadAction\",\"target\":[\"https:\/\/coraliebordonaroetfredvoleon.fr\/index.php\/videos\/\"]}]},{\"@type\":\"ImageObject\",\"inLanguage\":\"fr-FR\",\"@id\":\"https:\/\/coraliebordonaroetfredvoleon.fr\/index.php\/videos\/#primaryimage\",\"url\":\"https:\/\/coraliebordonaroetfredvoleon.fr\/wp-content\/uploads\/2026\/04\/pochette-2.jpg\",\"contentUrl\":\"https:\/\/coraliebordonaroetfredvoleon.fr\/wp-content\/uploads\/2026\/04\/pochette-2.jpg\",\"width\":1163,\"height\":487},{\"@type\":\"BreadcrumbList\",\"@id\":\"https:\/\/coraliebordonaroetfredvoleon.fr\/index.php\/videos\/#breadcrumb\",\"itemListElement\":[{\"@type\":\"ListItem\",\"position\":1,\"name\":\"Accueil\",\"item\":\"https:\/\/coraliebordonaroetfredvoleon.fr\/\"},{\"@type\":\"ListItem\",\"position\":2,\"name\":\"Compositions\"}]},{\"@type\":\"WebSite\",\"@id\":\"https:\/\/coraliebordonaroetfredvoleon.fr\/#website\",\"url\":\"https:\/\/coraliebordonaroetfredvoleon.fr\/\",\"name\":\"Coralie Bordonaro et Fred Vol\u00e9on\",\"description\":\"\",\"publisher\":{\"@id\":\"https:\/\/coraliebordonaroetfredvoleon.fr\/#organization\"},\"potentialAction\":[{\"@type\":\"SearchAction\",\"target\":{\"@type\":\"EntryPoint\",\"urlTemplate\":\"https:\/\/coraliebordonaroetfredvoleon.fr\/?s={search_term_string}\"},\"query-input\":{\"@type\":\"PropertyValueSpecification\",\"valueRequired\":true,\"valueName\":\"search_term_string\"}}],\"inLanguage\":\"fr-FR\"},{\"@type\":\"Organization\",\"@id\":\"https:\/\/coraliebordonaroetfredvoleon.fr\/#organization\",\"name\":\"Coralie Bordonaro et Fred Vol\u00e9on\",\"url\":\"https:\/\/coraliebordonaroetfredvoleon.fr\/\",\"logo\":{\"@type\":\"ImageObject\",\"inLanguage\":\"fr-FR\",\"@id\":\"https:\/\/coraliebordonaroetfredvoleon.fr\/#\/schema\/logo\/image\/\",\"url\":\"https:\/\/coraliebordonaroetfredvoleon.fr\/wp-content\/uploads\/2025\/12\/cropped-baniere-1.png\",\"contentUrl\":\"https:\/\/coraliebordonaroetfredvoleon.fr\/wp-content\/uploads\/2025\/12\/cropped-baniere-1.png\",\"width\":2048,\"height\":399,\"caption\":\"Coralie Bordonaro et Fred Vol\u00e9on\"},\"image\":{\"@id\":\"https:\/\/coraliebordonaroetfredvoleon.fr\/#\/schema\/logo\/image\/\"}}]}<\/script>\n<!-- \/ Yoast SEO plugin. -->","yoast_head_json":{"title":"Compositions - Coralie Bordonaro et Fred Vol\u00e9on","robots":{"index":"index","follow":"follow","max-snippet":"max-snippet:-1","max-image-preview":"max-image-preview:large","max-video-preview":"max-video-preview:-1"},"canonical":"https:\/\/coraliebordonaroetfredvoleon.fr\/index.php\/videos\/","og_locale":"fr_FR","og_type":"article","og_title":"Compositions - Coralie Bordonaro et Fred Vol\u00e9on","og_description":"Le spectacle de Coralie Bordonaro, autrice, compositrice, chanteuse et Fred Vol\u00e9on, guitariste, est une proposition de chansons originales, intimes et vivantes, o\u00f9 les textes ancr\u00e9s dans le r\u00e9el, la voix chaleureuse et puissante de Coralie rencontrent le jeu de guitare picking aux influences Blues de Fred. Les chansons parlent des \u00e9motions et du quotidien avec [&hellip;]","og_url":"https:\/\/coraliebordonaroetfredvoleon.fr\/index.php\/videos\/","og_site_name":"Coralie Bordonaro et Fred Vol\u00e9on","article_modified_time":"2026-04-03T18:21:12+00:00","og_image":[{"url":"http:\/\/coraliebordonaroetfredvoleon.fr\/wp-content\/uploads\/2026\/04\/pochette-2-1024x429.jpg","type":"","width":"","height":""}],"twitter_card":"summary_large_image","twitter_misc":{"Dur\u00e9e de lecture estim\u00e9e":"2 minutes"},"schema":{"@context":"https:\/\/schema.org","@graph":[{"@type":"WebPage","@id":"https:\/\/coraliebordonaroetfredvoleon.fr\/index.php\/videos\/","url":"https:\/\/coraliebordonaroetfredvoleon.fr\/index.php\/videos\/","name":"Compositions - Coralie Bordonaro et Fred Vol\u00e9on","isPartOf":{"@id":"https:\/\/coraliebordonaroetfredvoleon.fr\/#website"},"primaryImageOfPage":{"@id":"https:\/\/coraliebordonaroetfredvoleon.fr\/index.php\/videos\/#primaryimage"},"image":{"@id":"https:\/\/coraliebordonaroetfredvoleon.fr\/index.php\/videos\/#primaryimage"},"thumbnailUrl":"http:\/\/coraliebordonaroetfredvoleon.fr\/wp-content\/uploads\/2026\/04\/pochette-2-1024x429.jpg","datePublished":"2025-10-07T07:28:17+00:00","dateModified":"2026-04-03T18:21:12+00:00","breadcrumb":{"@id":"https:\/\/coraliebordonaroetfredvoleon.fr\/index.php\/videos\/#breadcrumb"},"inLanguage":"fr-FR","potentialAction":[{"@type":"ReadAction","target":["https:\/\/coraliebordonaroetfredvoleon.fr\/index.php\/videos\/"]}]},{"@type":"ImageObject","inLanguage":"fr-FR","@id":"https:\/\/coraliebordonaroetfredvoleon.fr\/index.php\/videos\/#primaryimage","url":"https:\/\/coraliebordonaroetfredvoleon.fr\/wp-content\/uploads\/2026\/04\/pochette-2.jpg","contentUrl":"https:\/\/coraliebordonaroetfredvoleon.fr\/wp-content\/uploads\/2026\/04\/pochette-2.jpg","width":1163,"height":487},{"@type":"BreadcrumbList","@id":"https:\/\/coraliebordonaroetfredvoleon.fr\/index.php\/videos\/#breadcrumb","itemListElement":[{"@type":"ListItem","position":1,"name":"Accueil","item":"https:\/\/coraliebordonaroetfredvoleon.fr\/"},{"@type":"ListItem","position":2,"name":"Compositions"}]},{"@type":"WebSite","@id":"https:\/\/coraliebordonaroetfredvoleon.fr\/#website","url":"https:\/\/coraliebordonaroetfredvoleon.fr\/","name":"Coralie Bordonaro et Fred Vol\u00e9on","description":"","publisher":{"@id":"https:\/\/coraliebordonaroetfredvoleon.fr\/#organization"},"potentialAction":[{"@type":"SearchAction","target":{"@type":"EntryPoint","urlTemplate":"https:\/\/coraliebordonaroetfredvoleon.fr\/?s={search_term_string}"},"query-input":{"@type":"PropertyValueSpecification","valueRequired":true,"valueName":"search_term_string"}}],"inLanguage":"fr-FR"},{"@type":"Organization","@id":"https:\/\/coraliebordonaroetfredvoleon.fr\/#organization","name":"Coralie Bordonaro et Fred Vol\u00e9on","url":"https:\/\/coraliebordonaroetfredvoleon.fr\/","logo":{"@type":"ImageObject","inLanguage":"fr-FR","@id":"https:\/\/coraliebordonaroetfredvoleon.fr\/#\/schema\/logo\/image\/","url":"https:\/\/coraliebordonaroetfredvoleon.fr\/wp-content\/uploads\/2025\/12\/cropped-baniere-1.png","contentUrl":"https:\/\/coraliebordonaroetfredvoleon.fr\/wp-content\/uploads\/2025\/12\/cropped-baniere-1.png","width":2048,"height":399,"caption":"Coralie Bordonaro et Fred Vol\u00e9on"},"image":{"@id":"https:\/\/coraliebordonaroetfredvoleon.fr\/#\/schema\/logo\/image\/"}}]}},"_links":{"self":[{"href":"https:\/\/coraliebordonaroetfredvoleon.fr\/index.php\/wp-json\/wp\/v2\/pages\/19","targetHints":{"allow":["GET"]}}],"collection":[{"href":"https:\/\/coraliebordonaroetfredvoleon.fr\/index.php\/wp-json\/wp\/v2\/pages"}],"about":[{"href":"https:\/\/coraliebordonaroetfredvoleon.fr\/index.php\/wp-json\/wp\/v2\/types\/page"}],"author":[{"embeddable":true,"href":"https:\/\/coraliebordonaroetfredvoleon.fr\/index.php\/wp-json\/wp\/v2\/users\/1"}],"replies":[{"embeddable":true,"href":"https:\/\/coraliebordonaroetfredvoleon.fr\/index.php\/wp-json\/wp\/v2\/comments?post=19"}],"version-history":[{"count":59,"href":"https:\/\/coraliebordonaroetfredvoleon.fr\/index.php\/wp-json\/wp\/v2\/pages\/19\/revisions"}],"predecessor-version":[{"id":523,"href":"https:\/\/coraliebordonaroetfredvoleon.fr\/index.php\/wp-json\/wp\/v2\/pages\/19\/revisions\/523"}],"wp:attachment":[{"href":"https:\/\/coraliebordonaroetfredvoleon.fr\/index.php\/wp-json\/wp\/v2\/media?parent=19"}],"curies":[{"name":"wp","href":"https:\/\/api.w.org\/{rel}","templated":true}]}}