{"id":21,"date":"2025-10-07T07:29:14","date_gmt":"2025-10-07T07:29:14","guid":{"rendered":"https:\/\/coraliebordonaroetfredvoleon.fr\/?page_id=21"},"modified":"2026-04-03T17:53:11","modified_gmt":"2026-04-03T17:53:11","slug":"agenda","status":"publish","type":"page","link":"https:\/\/coraliebordonaroetfredvoleon.fr\/index.php\/agenda\/","title":{"rendered":"Agenda"},"content":{"rendered":"\t\t<div data-elementor-type=\"wp-page\" data-elementor-id=\"21\" class=\"elementor elementor-21\">\n\t\t\t\t<div class=\"elementor-element elementor-element-c619c6a e-flex e-con-boxed e-con e-parent\" data-id=\"c619c6a\" data-element_type=\"container\">\n\t\t\t\t\t<div class=\"e-con-inner\">\n\t\t\t\t<div class=\"elementor-element elementor-element-3bdae1b elementor-widget__width-initial elementor-widget elementor-widget-text-editor\" data-id=\"3bdae1b\" data-element_type=\"widget\" data-widget_type=\"text-editor.default\">\n\t\t\t\t\t\t\t\t\t<p><strong>Sam 16 Mai \/ Sam 20 Juin<\/strong><br \/><strong>Sam 18 Juil \/ Sam 15 Ao\u00fbt<\/strong><br \/><strong>Sam 19 Sept.<\/strong>\u00a0 <span style=\"text-decoration: underline;\">Auberge Bagatelle<\/span>\u00a0<br \/>25 All\u00e9e Antoine Pinay. 84 Avignon<br \/>20h30 \/ R\u00e9s : <strong>04 90 86 71 35<\/strong><\/p><p><strong>Ven 24 Avril &#8211; 20h30 &#8211; 10\u20ac<\/strong><br \/>Blauzac\u00a0 30700 &#8211; Foyer &#8211; Rue Neuve<br \/>Avec Marie Villon et Arnaud Le Carpentier.<\/p><p><strong><span style=\"color: #000000;\">Sam<\/span><span style=\"color: #000000;\"> 17 Jan &#8211; <\/span><\/strong><span style=\"color: #000000;\"><strong>19h &#8211; 10\u20ac<\/strong><br \/><\/span><span style=\"color: #000000;\">Cruviers &#8211; Lascours 30360.\u00a0 <br \/><span style=\"text-decoration: underline;\">Salle des f\u00eates<\/span>. (avec KFC BB)<\/span><\/p><p><strong><span style=\"color: #000000;\">Sam 13 D\u00e9c &#8211; <\/span><\/strong><span style=\"color: #000000;\"><strong>19h &#8211; Ent libre<\/strong><br \/><\/span><span style=\"color: #000000;\">Sernhac\u00a0 30210<br \/><span style=\"text-decoration: underline;\">Domaine de Poulvarel<\/span><\/span><\/p><p><strong><span style=\"color: #000000;\">Sam 15 Nov &#8211; <\/span><\/strong><span style=\"color: #000000;\"><strong>19h &#8211; Ent libre<\/strong><br \/><\/span><span style=\"color: #000000;\">Sernhac 30210<br \/><span style=\"text-decoration: underline;\">Salle Michel Paulin<\/span><\/span><\/p><p><strong><span style=\"color: #000000;\">Ven 24 Oct &#8211; 20<\/span><\/strong><span style=\"color: #000000;\"><strong>h30 &#8211; Res : 04 90 86 71 35<\/strong><br \/><\/span><span style=\"color: #000000;\">Auberge Bagatelle &#8211; 25 All\u00e9e Antoine Pinay<br \/>Avignon 84000<\/span><\/p><p><strong>Ven 26 Sep &#8211; 20h30<\/strong> &#8211;<strong> Res : 04 90 86 71 35<br \/><\/strong>Auberge Bagatelle &#8211; 25 All\u00e9e Antoine Pinay<br \/>Avignon 84000<\/p>\t\t\t\t\t\t\t\t<\/div>\n\t\t\t\t<div class=\"elementor-element elementor-element-0d670f4 elementor-widget__width-initial elementor-widget elementor-widget-image\" data-id=\"0d670f4\" data-element_type=\"widget\" data-widget_type=\"image.default\">\n\t\t\t\t\t\t\t\t\t\t\t\t\t\t\t<img fetchpriority=\"high\" decoding=\"async\" width=\"672\" height=\"434\" src=\"https:\/\/coraliebordonaroetfredvoleon.fr\/wp-content\/uploads\/2025\/12\/CF-dates.jpg\" class=\"attachment-medium_large size-medium_large wp-image-274\" alt=\"\" srcset=\"https:\/\/coraliebordonaroetfredvoleon.fr\/wp-content\/uploads\/2025\/12\/CF-dates.jpg 672w, https:\/\/coraliebordonaroetfredvoleon.fr\/wp-content\/uploads\/2025\/12\/CF-dates-300x194.jpg 300w\" sizes=\"(max-width: 672px) 100vw, 672px\" \/>\t\t\t\t\t\t\t\t\t\t\t\t\t\t\t<\/div>\n\t\t\t\t\t<\/div>\n\t\t\t\t<\/div>\n\t\t<div class=\"elementor-element elementor-element-920a7d7 e-flex e-con-boxed e-con e-parent\" data-id=\"920a7d7\" data-element_type=\"container\">\n\t\t\t\t\t<div class=\"e-con-inner\">\n\t\t\t\t<div class=\"elementor-element elementor-element-8aad8c0 elementor-widget elementor-widget-text-editor\" data-id=\"8aad8c0\" data-element_type=\"widget\" data-widget_type=\"text-editor.default\">\n\t\t\t\t\t\t\t\t\t<p><span style=\"color: #000000;\"><strong>Les Mots du Public<\/strong> :<\/span><br \/><span style=\"color: #000000;\">\u00a0\u00ab\u00a0Des chansons qui nous parlent \u00e0 chaque mots\u00a0\u00bb. \u00ab\u00a0Originalit\u00e9, pr\u00e9sence sur sc\u00e8ne et humour\u00a0\u00bb.<\/span><\/p>\t\t\t\t\t\t\t\t<\/div>\n\t\t\t\t\t<\/div>\n\t\t\t\t<\/div>\n\t\t\t\t<\/div>\n\t\t","protected":false},"excerpt":{"rendered":"<p>Sam 16 Mai \/ Sam 20 JuinSam 18 Juil \/ Sam 15 Ao\u00fbtSam 19 Sept.\u00a0 Auberge Bagatelle\u00a025 All\u00e9e Antoine Pinay. 84 Avignon20h30 \/ R\u00e9s : 04 90 86 71 35 Ven 24 Avril &#8211; 20h30 &#8211; 10\u20acBlauzac\u00a0 30700 &#8211; Foyer &#8211; Rue NeuveAvec Marie Villon et Arnaud Le Carpentier. Sam 17 Jan &#8211; 19h &#8211; [&hellip;]<\/p>\n","protected":false},"author":1,"featured_media":0,"parent":0,"menu_order":0,"comment_status":"closed","ping_status":"closed","template":"","meta":{"footnotes":""},"class_list":["post-21","page","type-page","status-publish","hentry","entry"],"yoast_head":"<!-- This site is optimized with the Yoast SEO plugin v26.2 - https:\/\/yoast.com\/wordpress\/plugins\/seo\/ -->\n<title>Agenda - Coralie Bordonaro et Fred Vol\u00e9on<\/title>\n<meta name=\"robots\" content=\"index, follow, max-snippet:-1, max-image-preview:large, max-video-preview:-1\" \/>\n<link rel=\"canonical\" href=\"https:\/\/coraliebordonaroetfredvoleon.fr\/index.php\/agenda\/\" \/>\n<meta property=\"og:locale\" content=\"fr_FR\" \/>\n<meta property=\"og:type\" content=\"article\" \/>\n<meta property=\"og:title\" content=\"Agenda - Coralie Bordonaro et Fred Vol\u00e9on\" \/>\n<meta property=\"og:description\" content=\"Sam 16 Mai \/ Sam 20 JuinSam 18 Juil \/ Sam 15 Ao\u00fbtSam 19 Sept.\u00a0 Auberge Bagatelle\u00a025 All\u00e9e Antoine Pinay. 84 Avignon20h30 \/ R\u00e9s : 04 90 86 71 35 Ven 24 Avril &#8211; 20h30 &#8211; 10\u20acBlauzac\u00a0 30700 &#8211; Foyer &#8211; Rue NeuveAvec Marie Villon et Arnaud Le Carpentier. Sam 17 Jan &#8211; 19h &#8211; [&hellip;]\" \/>\n<meta property=\"og:url\" content=\"https:\/\/coraliebordonaroetfredvoleon.fr\/index.php\/agenda\/\" \/>\n<meta property=\"og:site_name\" content=\"Coralie Bordonaro et Fred Vol\u00e9on\" \/>\n<meta property=\"article:modified_time\" content=\"2026-04-03T17:53:11+00:00\" \/>\n<meta property=\"og:image\" content=\"http:\/\/coraliebordonaroetfredvoleon.fr\/wp-content\/uploads\/2025\/12\/CF-dates.jpg\" \/>\n<meta name=\"twitter:card\" content=\"summary_large_image\" \/>\n<meta name=\"twitter:label1\" content=\"Dur\u00e9e de lecture estim\u00e9e\" \/>\n\t<meta name=\"twitter:data1\" content=\"1 minute\" \/>\n<script type=\"application\/ld+json\" class=\"yoast-schema-graph\">{\"@context\":\"https:\/\/schema.org\",\"@graph\":[{\"@type\":\"WebPage\",\"@id\":\"https:\/\/coraliebordonaroetfredvoleon.fr\/index.php\/agenda\/\",\"url\":\"https:\/\/coraliebordonaroetfredvoleon.fr\/index.php\/agenda\/\",\"name\":\"Agenda - Coralie Bordonaro et Fred Vol\u00e9on\",\"isPartOf\":{\"@id\":\"https:\/\/coraliebordonaroetfredvoleon.fr\/#website\"},\"primaryImageOfPage\":{\"@id\":\"https:\/\/coraliebordonaroetfredvoleon.fr\/index.php\/agenda\/#primaryimage\"},\"image\":{\"@id\":\"https:\/\/coraliebordonaroetfredvoleon.fr\/index.php\/agenda\/#primaryimage\"},\"thumbnailUrl\":\"http:\/\/coraliebordonaroetfredvoleon.fr\/wp-content\/uploads\/2025\/12\/CF-dates.jpg\",\"datePublished\":\"2025-10-07T07:29:14+00:00\",\"dateModified\":\"2026-04-03T17:53:11+00:00\",\"breadcrumb\":{\"@id\":\"https:\/\/coraliebordonaroetfredvoleon.fr\/index.php\/agenda\/#breadcrumb\"},\"inLanguage\":\"fr-FR\",\"potentialAction\":[{\"@type\":\"ReadAction\",\"target\":[\"https:\/\/coraliebordonaroetfredvoleon.fr\/index.php\/agenda\/\"]}]},{\"@type\":\"ImageObject\",\"inLanguage\":\"fr-FR\",\"@id\":\"https:\/\/coraliebordonaroetfredvoleon.fr\/index.php\/agenda\/#primaryimage\",\"url\":\"https:\/\/coraliebordonaroetfredvoleon.fr\/wp-content\/uploads\/2025\/12\/CF-dates.jpg\",\"contentUrl\":\"https:\/\/coraliebordonaroetfredvoleon.fr\/wp-content\/uploads\/2025\/12\/CF-dates.jpg\",\"width\":672,\"height\":434},{\"@type\":\"BreadcrumbList\",\"@id\":\"https:\/\/coraliebordonaroetfredvoleon.fr\/index.php\/agenda\/#breadcrumb\",\"itemListElement\":[{\"@type\":\"ListItem\",\"position\":1,\"name\":\"Accueil\",\"item\":\"https:\/\/coraliebordonaroetfredvoleon.fr\/\"},{\"@type\":\"ListItem\",\"position\":2,\"name\":\"Agenda\"}]},{\"@type\":\"WebSite\",\"@id\":\"https:\/\/coraliebordonaroetfredvoleon.fr\/#website\",\"url\":\"https:\/\/coraliebordonaroetfredvoleon.fr\/\",\"name\":\"Coralie Bordonaro et Fred Vol\u00e9on\",\"description\":\"\",\"publisher\":{\"@id\":\"https:\/\/coraliebordonaroetfredvoleon.fr\/#organization\"},\"potentialAction\":[{\"@type\":\"SearchAction\",\"target\":{\"@type\":\"EntryPoint\",\"urlTemplate\":\"https:\/\/coraliebordonaroetfredvoleon.fr\/?s={search_term_string}\"},\"query-input\":{\"@type\":\"PropertyValueSpecification\",\"valueRequired\":true,\"valueName\":\"search_term_string\"}}],\"inLanguage\":\"fr-FR\"},{\"@type\":\"Organization\",\"@id\":\"https:\/\/coraliebordonaroetfredvoleon.fr\/#organization\",\"name\":\"Coralie Bordonaro et Fred Vol\u00e9on\",\"url\":\"https:\/\/coraliebordonaroetfredvoleon.fr\/\",\"logo\":{\"@type\":\"ImageObject\",\"inLanguage\":\"fr-FR\",\"@id\":\"https:\/\/coraliebordonaroetfredvoleon.fr\/#\/schema\/logo\/image\/\",\"url\":\"https:\/\/coraliebordonaroetfredvoleon.fr\/wp-content\/uploads\/2025\/12\/cropped-baniere-1.png\",\"contentUrl\":\"https:\/\/coraliebordonaroetfredvoleon.fr\/wp-content\/uploads\/2025\/12\/cropped-baniere-1.png\",\"width\":2048,\"height\":399,\"caption\":\"Coralie Bordonaro et Fred Vol\u00e9on\"},\"image\":{\"@id\":\"https:\/\/coraliebordonaroetfredvoleon.fr\/#\/schema\/logo\/image\/\"}}]}<\/script>\n<!-- \/ Yoast SEO plugin. -->","yoast_head_json":{"title":"Agenda - Coralie Bordonaro et Fred Vol\u00e9on","robots":{"index":"index","follow":"follow","max-snippet":"max-snippet:-1","max-image-preview":"max-image-preview:large","max-video-preview":"max-video-preview:-1"},"canonical":"https:\/\/coraliebordonaroetfredvoleon.fr\/index.php\/agenda\/","og_locale":"fr_FR","og_type":"article","og_title":"Agenda - Coralie Bordonaro et Fred Vol\u00e9on","og_description":"Sam 16 Mai \/ Sam 20 JuinSam 18 Juil \/ Sam 15 Ao\u00fbtSam 19 Sept.\u00a0 Auberge Bagatelle\u00a025 All\u00e9e Antoine Pinay. 84 Avignon20h30 \/ R\u00e9s : 04 90 86 71 35 Ven 24 Avril &#8211; 20h30 &#8211; 10\u20acBlauzac\u00a0 30700 &#8211; Foyer &#8211; Rue NeuveAvec Marie Villon et Arnaud Le Carpentier. Sam 17 Jan &#8211; 19h &#8211; [&hellip;]","og_url":"https:\/\/coraliebordonaroetfredvoleon.fr\/index.php\/agenda\/","og_site_name":"Coralie Bordonaro et Fred Vol\u00e9on","article_modified_time":"2026-04-03T17:53:11+00:00","og_image":[{"url":"http:\/\/coraliebordonaroetfredvoleon.fr\/wp-content\/uploads\/2025\/12\/CF-dates.jpg","type":"","width":"","height":""}],"twitter_card":"summary_large_image","twitter_misc":{"Dur\u00e9e de lecture estim\u00e9e":"1 minute"},"schema":{"@context":"https:\/\/schema.org","@graph":[{"@type":"WebPage","@id":"https:\/\/coraliebordonaroetfredvoleon.fr\/index.php\/agenda\/","url":"https:\/\/coraliebordonaroetfredvoleon.fr\/index.php\/agenda\/","name":"Agenda - Coralie Bordonaro et Fred Vol\u00e9on","isPartOf":{"@id":"https:\/\/coraliebordonaroetfredvoleon.fr\/#website"},"primaryImageOfPage":{"@id":"https:\/\/coraliebordonaroetfredvoleon.fr\/index.php\/agenda\/#primaryimage"},"image":{"@id":"https:\/\/coraliebordonaroetfredvoleon.fr\/index.php\/agenda\/#primaryimage"},"thumbnailUrl":"http:\/\/coraliebordonaroetfredvoleon.fr\/wp-content\/uploads\/2025\/12\/CF-dates.jpg","datePublished":"2025-10-07T07:29:14+00:00","dateModified":"2026-04-03T17:53:11+00:00","breadcrumb":{"@id":"https:\/\/coraliebordonaroetfredvoleon.fr\/index.php\/agenda\/#breadcrumb"},"inLanguage":"fr-FR","potentialAction":[{"@type":"ReadAction","target":["https:\/\/coraliebordonaroetfredvoleon.fr\/index.php\/agenda\/"]}]},{"@type":"ImageObject","inLanguage":"fr-FR","@id":"https:\/\/coraliebordonaroetfredvoleon.fr\/index.php\/agenda\/#primaryimage","url":"https:\/\/coraliebordonaroetfredvoleon.fr\/wp-content\/uploads\/2025\/12\/CF-dates.jpg","contentUrl":"https:\/\/coraliebordonaroetfredvoleon.fr\/wp-content\/uploads\/2025\/12\/CF-dates.jpg","width":672,"height":434},{"@type":"BreadcrumbList","@id":"https:\/\/coraliebordonaroetfredvoleon.fr\/index.php\/agenda\/#breadcrumb","itemListElement":[{"@type":"ListItem","position":1,"name":"Accueil","item":"https:\/\/coraliebordonaroetfredvoleon.fr\/"},{"@type":"ListItem","position":2,"name":"Agenda"}]},{"@type":"WebSite","@id":"https:\/\/coraliebordonaroetfredvoleon.fr\/#website","url":"https:\/\/coraliebordonaroetfredvoleon.fr\/","name":"Coralie Bordonaro et Fred Vol\u00e9on","description":"","publisher":{"@id":"https:\/\/coraliebordonaroetfredvoleon.fr\/#organization"},"potentialAction":[{"@type":"SearchAction","target":{"@type":"EntryPoint","urlTemplate":"https:\/\/coraliebordonaroetfredvoleon.fr\/?s={search_term_string}"},"query-input":{"@type":"PropertyValueSpecification","valueRequired":true,"valueName":"search_term_string"}}],"inLanguage":"fr-FR"},{"@type":"Organization","@id":"https:\/\/coraliebordonaroetfredvoleon.fr\/#organization","name":"Coralie Bordonaro et Fred Vol\u00e9on","url":"https:\/\/coraliebordonaroetfredvoleon.fr\/","logo":{"@type":"ImageObject","inLanguage":"fr-FR","@id":"https:\/\/coraliebordonaroetfredvoleon.fr\/#\/schema\/logo\/image\/","url":"https:\/\/coraliebordonaroetfredvoleon.fr\/wp-content\/uploads\/2025\/12\/cropped-baniere-1.png","contentUrl":"https:\/\/coraliebordonaroetfredvoleon.fr\/wp-content\/uploads\/2025\/12\/cropped-baniere-1.png","width":2048,"height":399,"caption":"Coralie Bordonaro et Fred Vol\u00e9on"},"image":{"@id":"https:\/\/coraliebordonaroetfredvoleon.fr\/#\/schema\/logo\/image\/"}}]}},"_links":{"self":[{"href":"https:\/\/coraliebordonaroetfredvoleon.fr\/index.php\/wp-json\/wp\/v2\/pages\/21","targetHints":{"allow":["GET"]}}],"collection":[{"href":"https:\/\/coraliebordonaroetfredvoleon.fr\/index.php\/wp-json\/wp\/v2\/pages"}],"about":[{"href":"https:\/\/coraliebordonaroetfredvoleon.fr\/index.php\/wp-json\/wp\/v2\/types\/page"}],"author":[{"embeddable":true,"href":"https:\/\/coraliebordonaroetfredvoleon.fr\/index.php\/wp-json\/wp\/v2\/users\/1"}],"replies":[{"embeddable":true,"href":"https:\/\/coraliebordonaroetfredvoleon.fr\/index.php\/wp-json\/wp\/v2\/comments?post=21"}],"version-history":[{"count":99,"href":"https:\/\/coraliebordonaroetfredvoleon.fr\/index.php\/wp-json\/wp\/v2\/pages\/21\/revisions"}],"predecessor-version":[{"id":512,"href":"https:\/\/coraliebordonaroetfredvoleon.fr\/index.php\/wp-json\/wp\/v2\/pages\/21\/revisions\/512"}],"wp:attachment":[{"href":"https:\/\/coraliebordonaroetfredvoleon.fr\/index.php\/wp-json\/wp\/v2\/media?parent=21"}],"curies":[{"name":"wp","href":"https:\/\/api.w.org\/{rel}","templated":true}]}}