{"id":265,"date":"2025-12-14T16:38:26","date_gmt":"2025-12-14T16:38:26","guid":{"rendered":"https:\/\/coraliebordonaroetfredvoleon.fr\/?page_id=265"},"modified":"2025-12-24T14:39:58","modified_gmt":"2025-12-24T14:39:58","slug":"biographie","status":"publish","type":"page","link":"https:\/\/coraliebordonaroetfredvoleon.fr\/index.php\/biographie\/","title":{"rendered":"Biographie"},"content":{"rendered":"\t\t<div data-elementor-type=\"wp-page\" data-elementor-id=\"265\" class=\"elementor elementor-265\">\n\t\t\t\t<div class=\"elementor-element elementor-element-f05426d e-con-full e-flex e-con e-parent\" data-id=\"f05426d\" data-element_type=\"container\">\n\t\t\t\t<div class=\"elementor-element elementor-element-05970f7 elementor-widget elementor-widget-text-editor\" data-id=\"05970f7\" data-element_type=\"widget\" data-widget_type=\"text-editor.default\">\n\t\t\t\t\t\t\t\t\t<p><em style=\"font-size: 15px; text-align: var(--text-align); color: #000000;\">Un duo musical entre po\u00e9sie et humour, chanson Fran\u00e7aise et Blues.<\/em><\/p>\n<p><span style=\"color: #000000;\">Coralie Bordonaro et Fred Vol\u00e9on install\u00e9s dans le Gard, forment un duo complice. Forts de leurs exp\u00e9riences individuelles, ils proposent aujourd&rsquo;hui un spectacle vivant, ensemble.&nbsp;<\/span><\/p>\n<p><span style=\"text-decoration: underline; color: #000000;\"><strong>Coralie Bordonaro<\/strong><\/span><\/p>\n<p>Chanteuse, autrice, compositrice, interpr\u00e8te, pianiste, com\u00e9dienne et coach vocal, originaire du Gard.<br>\u00ab\u00a0La sc\u00e8ne est entr\u00e9e tr\u00e8s t\u00f4t dans ma vie.<br>Adolescente, je participe \u00e0 une tourn\u00e9e Midi Libre \u00e0 Vauvert et enregistre deux premi\u00e8res compositions.<br>Les ann\u00e9es suivantes sont marqu\u00e9es par une pratique intense de la sc\u00e8ne et du studio, concerts et projets collectifs, qui forgent mon rapport au public et la ma\u00eetrise de ma voix.<br>En parall\u00e8le, je cr\u00e9e et r\u00e9alise un conte musical jeunesse, \u00ab\u00a0Aquatic&rsquo;et Toc\u00a0\u00bb.<br>En 2004, je signe un premier album de composition, puis participe comme interpr\u00e8te \u00e0 diff\u00e9rent projets discographiques.<br>Mon parcours artistique est travers\u00e9 par de nombreuses collaborations qui m&rsquo;ont permis une v\u00e9ritable immersion dans l&rsquo;univers Jazz et Blues, concerts-conf\u00e9rence sur l&rsquo;histoire du Blues, enregistrement en 2014 de l&rsquo;album Fred&amp;Co (Jazz et Blues) au studio Magn\u00e9to de Fr\u00e9d\u00e9ric Pellerin \u00e0 Lyon.<br>Ces explorations ont nourri mon sens de l&rsquo;interpr\u00e9tation et de l&rsquo;improvisation avant de m&rsquo;amener naturellement vers un retour aux sources : la chanson Fran\u00e7aise.<br>J&rsquo;\u00e9cris et compose mes propres chansons, ce sont elles qui me racontent le mieux, elles sont un regard tendre et humoristique sur ce qui m&rsquo;entoure.<br>Mes influences rassemblent les voix et les \u00e9critures de V\u00e9ronique Sanson, Michel Berger, Maurane, Linda Lemay et Francis Cabrel entre autres.<br>Depuis 2009, mon jeu de sc\u00e8ne est nourri par la pratique du clown de th\u00e9\u00e2tre. Il m&rsquo;a appris l&rsquo;\u00e9coute, la fragilit\u00e9, la pr\u00e9sence et la libert\u00e9 d&rsquo;\u00eatre pleinement vivante dans l&rsquo;instant pr\u00e9sent.<br>Forte d&rsquo;une solide exp\u00e9rience sc\u00e9nique et vocale, je suis depuis 2004, professeur de chant, de piano, de solf\u00e8ge et coach vocal aupr\u00e8s d&rsquo;artistes amateurs et professionnels dans les \u00e9coles de musique du Gard.<br>En 2019, j&rsquo;enregistre un EP de composition piano-voix.<br>Mon travail est reconnu et r\u00e9compens\u00e9 :<br>&#8211; Prix de la chanson originale au <em>Festival de la Chanson Fran\u00e7aise \u00e0 Avignon<\/em> (2023).<br>&#8211; S\u00e9lection par l&rsquo;Alliance Fran\u00e7aise de Gen\u00e8ve en tant qu&rsquo;autrice (2022).<br>Je me produis en concert piano-voix au grand auditorium du Carr\u00e9 d&rsquo;art \u00e0 N\u00eemes, au Festival Jean Ferrat de Chirens, au Th\u00e9\u00e2tre Antique d&rsquo;Orange pour une \u00e9mission t\u00e9l\u00e9vis\u00e9e produite par M6 &#8230;&nbsp;<br>Cr\u00e9er, chanter et transmettre, sont au coeur de mon engagement artistique.\u00a0\u00bb<\/p>\n<p>2025 voit la r\u00e9alisation d&rsquo;un nouveau spectacle de chansons originales avec Fred Vol\u00e9on&#8230;<\/p>\n<p><span style=\"text-decoration: underline; color: #000000;\"><strong>Fred Vol\u00e9on<\/strong><\/span><\/p>\n<p><span style=\"color: #000000;\">Fred est un musicien polyvalent, originaire du Var et install\u00e9 dans le Gard depuis 1977. <br>Il est influenc\u00e9 d\u00e8s son plus jeune \u00e2ge par des groupes comme AC\/DC, Mot\u00f6rhead et les Ramones mais \u00e9galement par un 33 tours de Sonny Terry et Brownie Mc Ghee offert \u00e0 No\u00ebl&#8230; A l&rsquo;\u00e2ge de 12 ans, gr\u00e2ce \u00e0 sa tante, il voit Alan Styvel aux Ar\u00eanes de N\u00eemes et se laisse emporter par l&rsquo;authenticit\u00e9 de sa musique.<\/span><\/p>\n<p>C&rsquo;est plus tard, gr\u00e2ce au concours de Guy Sciou (voisin), qui lui offre \u00ab\u00a0L&rsquo;encyclop\u00e9die du Blues\u00a0\u00bb de G\u00e9rard Herzaft,&nbsp; que Fred d\u00e9couvre les g\u00e9ants du Blues comme Robert Johnson, John Lee Hooker, Muddy Waters, Buddy Guy, Freddie King, Sonny Boy Williamson, RL Burnside, John Hammond Jr&#8230;<\/p>\n<p><span style=\"color: #000000;\">A partir de l\u00e0 (1995) Il jouera du Blues avec K\u00e9vin Sciou (Guitar Frenchie) et d&rsquo;autres musiciens et groupes du coin : Konrad Schmalzle (1995), Benoit Nogaret (1998), Philippe Bonnin (1997), Big Daddy (2000), Did Alanson (2006), David Collado (2022), Limousine Blues (2010), KFC BB (2023)&#8230;&nbsp;<\/span><\/p>\n<p><span style=\"color: #000000;\">En groupe (basse) ou bien en solo (chant, guitare, harmonica),&nbsp; Fred se retrouve le temps d&rsquo;une soir\u00e9e au contact de <\/span><span style=\"color: #000000;\">John Mayall, Scott H. Biram, Candye Kane, Nico Wayne Toussaint, Cisco Herzaft, Nine Below Zero, Mississippi Heat, Call Me Rico, Little Bob, The Animals, Sugaray Rayford, D\u00e9borah Bonham&#8230; <br>Assurant leur premi\u00e8re partie.<\/span><\/p>\n<p>Parall\u00e8lement, en 2004, la rencontre avec Coralie Bordonaro lui offre la joie de cr\u00e9er des parties de guitare personnelles et de les poser sur des textes en Fran\u00e7ais qui font sens. <br>Ensemble, ils enregistrent&nbsp; un album \u00ab\u00a0Fred&amp;Co\u00a0\u00bb (2014) et le jouent sur diff\u00e9rentes sc\u00e8nes r\u00e9gionales.&nbsp;<br><span style=\"font-size: 15px; color: var( --e-global-color-text ); text-align: var(--text-align);\">Ils s&rsquo;investissent \u00e9galement dans la transmission en proposant des cours de musique ainsi qu&rsquo; une conf\u00e9rence sur \u00ab\u00a0les racines de la musique populaire\u00a0\u00bb.<\/span><\/p>\n<p>En 2025, un nouveau spectacle de chansons originales voit le jour avec&nbsp; 3 lignes directrices : authenticit\u00e9,&nbsp; sensibilit\u00e9 et humour.<\/p>\n<p><span style=\"text-decoration: underline; color: #000000;\"><strong>Une complicit\u00e9 naturelle<\/strong><\/span><\/p>\n<p><span style=\"color: #000000;\">Sur sc\u00e8ne, les chansons prennent vie gr\u00e2ce \u00e0 un jeu musical soign\u00e9 et authentique teint\u00e9 d&rsquo; humour.&nbsp;<br><\/span><span style=\"color: #000000;\">Le duo aime surprendre le public, encha\u00eenant po\u00e9sie, instant plus l\u00e9gers et ruptures inattendues, parfois d\u00e9cal\u00e9es.<\/span><\/p>\n<p><span style=\"text-decoration: underline; color: #000000;\"><strong>Un spectacle vivant et chaleureux<\/strong><\/span><\/p>\n<p><span style=\"color: #000000;\">Que ce soit dans un petit th\u00e9\u00e2tre ou sur une grande sc\u00e8ne, Coralie et Fred ont \u00e0 c\u0153ur de partager un moment unique avec leur public.&nbsp;<\/span><br><span style=\"color: #000000;\">On vient pour la musique et on reste pour l&rsquo;ambiance et l&rsquo;\u00e9nergie communicative.&nbsp;<\/span><\/p>\t\t\t\t\t\t\t\t<\/div>\n\t\t\t\t<\/div>\n\t\t\t\t<\/div>\n\t\t","protected":false},"excerpt":{"rendered":"<p>Un duo musical entre po\u00e9sie et humour, chanson Fran\u00e7aise et Blues. Coralie Bordonaro et Fred Vol\u00e9on install\u00e9s dans le Gard, forment un duo complice. Forts de leurs exp\u00e9riences individuelles, ils proposent aujourd&rsquo;hui un spectacle vivant, ensemble.&nbsp; Coralie Bordonaro Chanteuse, autrice, compositrice, interpr\u00e8te, pianiste, com\u00e9dienne et coach vocal, originaire du Gard.\u00ab\u00a0La sc\u00e8ne est entr\u00e9e tr\u00e8s t\u00f4t [&hellip;]<\/p>\n","protected":false},"author":1,"featured_media":0,"parent":0,"menu_order":0,"comment_status":"closed","ping_status":"closed","template":"","meta":{"footnotes":""},"class_list":["post-265","page","type-page","status-publish","hentry","entry"],"yoast_head":"<!-- This site is optimized with the Yoast SEO plugin v26.2 - https:\/\/yoast.com\/wordpress\/plugins\/seo\/ -->\n<title>Biographie - Coralie Bordonaro et Fred Vol\u00e9on<\/title>\n<meta name=\"robots\" content=\"index, follow, max-snippet:-1, max-image-preview:large, max-video-preview:-1\" \/>\n<link rel=\"canonical\" href=\"https:\/\/coraliebordonaroetfredvoleon.fr\/index.php\/biographie\/\" \/>\n<meta property=\"og:locale\" content=\"fr_FR\" \/>\n<meta property=\"og:type\" content=\"article\" \/>\n<meta property=\"og:title\" content=\"Biographie - Coralie Bordonaro et Fred Vol\u00e9on\" \/>\n<meta property=\"og:description\" content=\"Un duo musical entre po\u00e9sie et humour, chanson Fran\u00e7aise et Blues. Coralie Bordonaro et Fred Vol\u00e9on install\u00e9s dans le Gard, forment un duo complice. Forts de leurs exp\u00e9riences individuelles, ils proposent aujourd&rsquo;hui un spectacle vivant, ensemble.&nbsp; Coralie Bordonaro Chanteuse, autrice, compositrice, interpr\u00e8te, pianiste, com\u00e9dienne et coach vocal, originaire du Gard.\u00ab\u00a0La sc\u00e8ne est entr\u00e9e tr\u00e8s t\u00f4t [&hellip;]\" \/>\n<meta property=\"og:url\" content=\"https:\/\/coraliebordonaroetfredvoleon.fr\/index.php\/biographie\/\" \/>\n<meta property=\"og:site_name\" content=\"Coralie Bordonaro et Fred Vol\u00e9on\" \/>\n<meta property=\"article:modified_time\" content=\"2025-12-24T14:39:58+00:00\" \/>\n<meta name=\"twitter:card\" content=\"summary_large_image\" \/>\n<meta name=\"twitter:label1\" content=\"Dur\u00e9e de lecture estim\u00e9e\" \/>\n\t<meta name=\"twitter:data1\" content=\"5 minutes\" \/>\n<script type=\"application\/ld+json\" class=\"yoast-schema-graph\">{\"@context\":\"https:\/\/schema.org\",\"@graph\":[{\"@type\":\"WebPage\",\"@id\":\"https:\/\/coraliebordonaroetfredvoleon.fr\/index.php\/biographie\/\",\"url\":\"https:\/\/coraliebordonaroetfredvoleon.fr\/index.php\/biographie\/\",\"name\":\"Biographie - Coralie Bordonaro et Fred Vol\u00e9on\",\"isPartOf\":{\"@id\":\"https:\/\/coraliebordonaroetfredvoleon.fr\/#website\"},\"datePublished\":\"2025-12-14T16:38:26+00:00\",\"dateModified\":\"2025-12-24T14:39:58+00:00\",\"breadcrumb\":{\"@id\":\"https:\/\/coraliebordonaroetfredvoleon.fr\/index.php\/biographie\/#breadcrumb\"},\"inLanguage\":\"fr-FR\",\"potentialAction\":[{\"@type\":\"ReadAction\",\"target\":[\"https:\/\/coraliebordonaroetfredvoleon.fr\/index.php\/biographie\/\"]}]},{\"@type\":\"BreadcrumbList\",\"@id\":\"https:\/\/coraliebordonaroetfredvoleon.fr\/index.php\/biographie\/#breadcrumb\",\"itemListElement\":[{\"@type\":\"ListItem\",\"position\":1,\"name\":\"Accueil\",\"item\":\"https:\/\/coraliebordonaroetfredvoleon.fr\/\"},{\"@type\":\"ListItem\",\"position\":2,\"name\":\"Biographie\"}]},{\"@type\":\"WebSite\",\"@id\":\"https:\/\/coraliebordonaroetfredvoleon.fr\/#website\",\"url\":\"https:\/\/coraliebordonaroetfredvoleon.fr\/\",\"name\":\"Coralie Bordonaro et Fred Vol\u00e9on\",\"description\":\"\",\"publisher\":{\"@id\":\"https:\/\/coraliebordonaroetfredvoleon.fr\/#organization\"},\"potentialAction\":[{\"@type\":\"SearchAction\",\"target\":{\"@type\":\"EntryPoint\",\"urlTemplate\":\"https:\/\/coraliebordonaroetfredvoleon.fr\/?s={search_term_string}\"},\"query-input\":{\"@type\":\"PropertyValueSpecification\",\"valueRequired\":true,\"valueName\":\"search_term_string\"}}],\"inLanguage\":\"fr-FR\"},{\"@type\":\"Organization\",\"@id\":\"https:\/\/coraliebordonaroetfredvoleon.fr\/#organization\",\"name\":\"Coralie Bordonaro et Fred Vol\u00e9on\",\"url\":\"https:\/\/coraliebordonaroetfredvoleon.fr\/\",\"logo\":{\"@type\":\"ImageObject\",\"inLanguage\":\"fr-FR\",\"@id\":\"https:\/\/coraliebordonaroetfredvoleon.fr\/#\/schema\/logo\/image\/\",\"url\":\"https:\/\/coraliebordonaroetfredvoleon.fr\/wp-content\/uploads\/2025\/12\/cropped-baniere-1.png\",\"contentUrl\":\"https:\/\/coraliebordonaroetfredvoleon.fr\/wp-content\/uploads\/2025\/12\/cropped-baniere-1.png\",\"width\":2048,\"height\":399,\"caption\":\"Coralie Bordonaro et Fred Vol\u00e9on\"},\"image\":{\"@id\":\"https:\/\/coraliebordonaroetfredvoleon.fr\/#\/schema\/logo\/image\/\"}}]}<\/script>\n<!-- \/ Yoast SEO plugin. -->","yoast_head_json":{"title":"Biographie - Coralie Bordonaro et Fred Vol\u00e9on","robots":{"index":"index","follow":"follow","max-snippet":"max-snippet:-1","max-image-preview":"max-image-preview:large","max-video-preview":"max-video-preview:-1"},"canonical":"https:\/\/coraliebordonaroetfredvoleon.fr\/index.php\/biographie\/","og_locale":"fr_FR","og_type":"article","og_title":"Biographie - Coralie Bordonaro et Fred Vol\u00e9on","og_description":"Un duo musical entre po\u00e9sie et humour, chanson Fran\u00e7aise et Blues. Coralie Bordonaro et Fred Vol\u00e9on install\u00e9s dans le Gard, forment un duo complice. Forts de leurs exp\u00e9riences individuelles, ils proposent aujourd&rsquo;hui un spectacle vivant, ensemble.&nbsp; Coralie Bordonaro Chanteuse, autrice, compositrice, interpr\u00e8te, pianiste, com\u00e9dienne et coach vocal, originaire du Gard.\u00ab\u00a0La sc\u00e8ne est entr\u00e9e tr\u00e8s t\u00f4t [&hellip;]","og_url":"https:\/\/coraliebordonaroetfredvoleon.fr\/index.php\/biographie\/","og_site_name":"Coralie Bordonaro et Fred Vol\u00e9on","article_modified_time":"2025-12-24T14:39:58+00:00","twitter_card":"summary_large_image","twitter_misc":{"Dur\u00e9e de lecture estim\u00e9e":"5 minutes"},"schema":{"@context":"https:\/\/schema.org","@graph":[{"@type":"WebPage","@id":"https:\/\/coraliebordonaroetfredvoleon.fr\/index.php\/biographie\/","url":"https:\/\/coraliebordonaroetfredvoleon.fr\/index.php\/biographie\/","name":"Biographie - Coralie Bordonaro et Fred Vol\u00e9on","isPartOf":{"@id":"https:\/\/coraliebordonaroetfredvoleon.fr\/#website"},"datePublished":"2025-12-14T16:38:26+00:00","dateModified":"2025-12-24T14:39:58+00:00","breadcrumb":{"@id":"https:\/\/coraliebordonaroetfredvoleon.fr\/index.php\/biographie\/#breadcrumb"},"inLanguage":"fr-FR","potentialAction":[{"@type":"ReadAction","target":["https:\/\/coraliebordonaroetfredvoleon.fr\/index.php\/biographie\/"]}]},{"@type":"BreadcrumbList","@id":"https:\/\/coraliebordonaroetfredvoleon.fr\/index.php\/biographie\/#breadcrumb","itemListElement":[{"@type":"ListItem","position":1,"name":"Accueil","item":"https:\/\/coraliebordonaroetfredvoleon.fr\/"},{"@type":"ListItem","position":2,"name":"Biographie"}]},{"@type":"WebSite","@id":"https:\/\/coraliebordonaroetfredvoleon.fr\/#website","url":"https:\/\/coraliebordonaroetfredvoleon.fr\/","name":"Coralie Bordonaro et Fred Vol\u00e9on","description":"","publisher":{"@id":"https:\/\/coraliebordonaroetfredvoleon.fr\/#organization"},"potentialAction":[{"@type":"SearchAction","target":{"@type":"EntryPoint","urlTemplate":"https:\/\/coraliebordonaroetfredvoleon.fr\/?s={search_term_string}"},"query-input":{"@type":"PropertyValueSpecification","valueRequired":true,"valueName":"search_term_string"}}],"inLanguage":"fr-FR"},{"@type":"Organization","@id":"https:\/\/coraliebordonaroetfredvoleon.fr\/#organization","name":"Coralie Bordonaro et Fred Vol\u00e9on","url":"https:\/\/coraliebordonaroetfredvoleon.fr\/","logo":{"@type":"ImageObject","inLanguage":"fr-FR","@id":"https:\/\/coraliebordonaroetfredvoleon.fr\/#\/schema\/logo\/image\/","url":"https:\/\/coraliebordonaroetfredvoleon.fr\/wp-content\/uploads\/2025\/12\/cropped-baniere-1.png","contentUrl":"https:\/\/coraliebordonaroetfredvoleon.fr\/wp-content\/uploads\/2025\/12\/cropped-baniere-1.png","width":2048,"height":399,"caption":"Coralie Bordonaro et Fred Vol\u00e9on"},"image":{"@id":"https:\/\/coraliebordonaroetfredvoleon.fr\/#\/schema\/logo\/image\/"}}]}},"_links":{"self":[{"href":"https:\/\/coraliebordonaroetfredvoleon.fr\/index.php\/wp-json\/wp\/v2\/pages\/265","targetHints":{"allow":["GET"]}}],"collection":[{"href":"https:\/\/coraliebordonaroetfredvoleon.fr\/index.php\/wp-json\/wp\/v2\/pages"}],"about":[{"href":"https:\/\/coraliebordonaroetfredvoleon.fr\/index.php\/wp-json\/wp\/v2\/types\/page"}],"author":[{"embeddable":true,"href":"https:\/\/coraliebordonaroetfredvoleon.fr\/index.php\/wp-json\/wp\/v2\/users\/1"}],"replies":[{"embeddable":true,"href":"https:\/\/coraliebordonaroetfredvoleon.fr\/index.php\/wp-json\/wp\/v2\/comments?post=265"}],"version-history":[{"count":54,"href":"https:\/\/coraliebordonaroetfredvoleon.fr\/index.php\/wp-json\/wp\/v2\/pages\/265\/revisions"}],"predecessor-version":[{"id":393,"href":"https:\/\/coraliebordonaroetfredvoleon.fr\/index.php\/wp-json\/wp\/v2\/pages\/265\/revisions\/393"}],"wp:attachment":[{"href":"https:\/\/coraliebordonaroetfredvoleon.fr\/index.php\/wp-json\/wp\/v2\/media?parent=265"}],"curies":[{"name":"wp","href":"https:\/\/api.w.org\/{rel}","templated":true}]}}